{"id":18628,"date":"2024-11-04T18:22:22","date_gmt":"2024-11-04T18:22:22","guid":{"rendered":"https:\/\/start.conform.it\/multilingual-tourist-app\/"},"modified":"2024-11-30T19:35:04","modified_gmt":"2024-11-30T19:35:04","slug":"multilingual-tourist-app","status":"publish","type":"page","link":"https:\/\/start.conform.it\/pt-pt\/multilingual-tourist-app\/","title":{"rendered":"APP TUR\u00cdSTICA MULTILINGUE"},"content":{"rendered":"<div class=\"wpb-content-wrapper\"><p>[vc_row padding_top_multiplier=&#8221;3x&#8221; padding_bottom_multiplier=&#8221;&#8221;][vc_column]<style type=\"text\/css\">.grve-title-gradient.grve-title-69e7d26945fd9 > span,.grve-title-gradient.grve-title-69e7d26945fd9 .grve-clipping-content > span {color: #2b4f9d;background-image: -moz-linear-gradient(-45deg, #2b4f9d 0%, #35b9c5 100%);background-image: -webkit-linear-gradient(-45deg, #2b4f9d 0%, #35b9c5 100%);background-image: linear-gradient(135deg, #2b4f9d 0%, #35b9c5 100%);}<\/style><h3 class=\"grve-element grve-title grve-align-center grve-animated-item grve-duration-normal grve-fade-in-up grve-h6 grve-title-gradient grve-title-69e7d26945fd9\" style=\"\" data-delay=\"400\"><span><br>\n<h4>Explore uma nova forma de experimentar o turismo com a START APP<\/h4>\n<\/span><\/h3><div class=\"grve-element grve-divider grve-animated-item grve-fade-in-up grve-duration-normal grve-align-center\" style=\"\" data-delay=\"200\"><span class=\"grve-custom-divider grve-bg-primary-1\" style=\"width: 50px;height: 2px;\"><\/span><\/div><style type=\"text\/css\">.grve-title-gradient.grve-title-69e7d2694604a > span,.grve-title-gradient.grve-title-69e7d2694604a .grve-clipping-content > span {color: #2b4f9d;background-image: -moz-linear-gradient(-45deg, #2b4f9d 0%, #35b9c5 100%);background-image: -webkit-linear-gradient(-45deg, #2b4f9d 0%, #35b9c5 100%);background-image: linear-gradient(135deg, #2b4f9d 0%, #35b9c5 100%);}<\/style><h3 class=\"grve-element grve-title grve-align-center grve-animated-item grve-duration-normal grve-fade-in-down grve-h6 grve-title-gradient grve-title-69e7d2694604a\" style=\"\" data-delay=\"400\"><span><br>\n<h4>Uma experi\u00eancia interativa de 360\u00b0 com assist\u00eancia de IA<\/h4>\n<\/span><\/h3><div class=\"grve-empty-space grve-height-1x\" style=\"\"><\/div>[vc_column_text css=&#8221;&#8221;]<\/p>\n<p style=\"text-align: justify;\">A <strong>aplica\u00e7\u00e3o tur\u00edstica multilingue &#8220;START-APP&#8221;<\/strong> \u00e9 uma aplica\u00e7\u00e3o inovadora que oferece uma forma imersiva e interativa de visitar locais culturais, atividades produtivas e espa\u00e7os de exposi\u00e7\u00e3o em toda a Europa. Com conte\u00fados personalizados e visitas virtuais inclu\u00eddas nos itiner\u00e1rios tem\u00e1ticos, pode experimentar o melhor de It\u00e1lia, Gr\u00e9cia, Espanha e Portugal, tudo a partir do seu smartphone!<\/p>\n<p>[\/vc_column_text]<div class=\"grve-empty-space grve-height-1x\" style=\"\"><\/div>[\/vc_column][\/vc_row][vc_row padding_top_multiplier=&#8221;&#8221; padding_bottom_multiplier=&#8221;&#8221;][vc_column width=&#8221;1\/3&#8243;]<div class=\"grve-element grve-image grve-align-center\" style=\"\">  <div class=\"grve-image-wrapper\"><img loading=\"lazy\" decoding=\"async\" width=\"800\" height=\"800\" src=\"https:\/\/start.conform.it\/wp-content\/uploads\/2024\/11\/IMG-Multilingual-Tourist-App.webp\" class=\"attachment-full size-full\" alt=\"Multilingual Tourist App App Turistica Multilingua\" srcset=\"https:\/\/start.conform.it\/wp-content\/uploads\/2024\/11\/IMG-Multilingual-Tourist-App.webp 800w, https:\/\/start.conform.it\/wp-content\/uploads\/2024\/11\/IMG-Multilingual-Tourist-App-300x300.webp 300w, https:\/\/start.conform.it\/wp-content\/uploads\/2024\/11\/IMG-Multilingual-Tourist-App-150x150.webp 150w, https:\/\/start.conform.it\/wp-content\/uploads\/2024\/11\/IMG-Multilingual-Tourist-App-768x768.webp 768w, https:\/\/start.conform.it\/wp-content\/uploads\/2024\/11\/IMG-Multilingual-Tourist-App-560x560.webp 560w\" sizes=\"auto, (max-width: 800px) 100vw, 800px\" \/>   <\/div><\/div><div class=\"grve-empty-space grve-height-1x\" style=\"\"><\/div>[\/vc_column][vc_column width=&#8221;2\/3&#8243;]<div class=\"ult-spacer spacer-69e7d26946575\" data-id=\"69e7d26946575\" data-height=\"10\" data-height-mobile=\"0\" data-height-tab=\"0\" data-height-tab-portrait=\"0\" data-height-mobile-landscape=\"0\" style=\"clear:both;display:block;\"><\/div>[vc_column_text css=&#8221;&#8221; animation=&#8221;grve-fade-in-left&#8221;]<\/p>\n<p style=\"text-align: justify;\">O <strong>START-APP<\/strong> permite-lhe explorar locais \u00fanicos atrav\u00e9s de visitas <strong>virtuais 360\u00b0<\/strong> e oferece-lhe a possibilidade de interagir com um <strong>chatbot de IA<\/strong> avan\u00e7ado. Este chatbot responder\u00e1 \u00e0s suas perguntas, fornecendo informa\u00e7\u00f5es adicionais e insights sobre as atra\u00e7\u00f5es que voc\u00ea est\u00e1 visitando, tradi\u00e7\u00f5es locais, produtos t\u00edpicos e muito mais.<\/p>\n<p style=\"text-align: justify;\"><strong>Principais caracter\u00edsticas:<\/strong><\/p>\n<ul>\n<li style=\"text-align: justify;\"><strong>Explora\u00e7\u00e3o imersiva:<\/strong> descubra locais hist\u00f3ricos e atra\u00e7\u00f5es culturais atrav\u00e9s de passeios virtuais 360\u00b0 que o imergem totalmente no destino.<\/li>\n<li style=\"text-align: justify;\"><strong>Assist\u00eancia de IA em tempo real:<\/strong> um chatbot alimentado por IA est\u00e1 sempre pronto para fornecer respostas instant\u00e2neas e informa\u00e7\u00f5es detalhadas.<\/li>\n<li style=\"text-align: justify;\"><strong>Conte\u00fado multim\u00eddia:<\/strong> acesse textos descritivos, v\u00eddeos, imagens e links que enriquecem cada parada do seu itiner\u00e1rio.<\/li>\n<\/ul>\n<p>[\/vc_column_text][\/vc_column][\/vc_row][vc_row padding_top_multiplier=&#8221;&#8221; padding_bottom_multiplier=&#8221;2x&#8221;][vc_column]<style type=\"text\/css\">.grve-title-gradient.grve-title-69e7d2694659c > span,.grve-title-gradient.grve-title-69e7d2694659c .grve-clipping-content > span {color: #2b4f9d;background-image: -moz-linear-gradient(-45deg, #2b4f9d 0%, #35b9c5 100%);background-image: -webkit-linear-gradient(-45deg, #2b4f9d 0%, #35b9c5 100%);background-image: linear-gradient(135deg, #2b4f9d 0%, #35b9c5 100%);}<\/style><h3 class=\"grve-element grve-title grve-align-center grve-animated-item grve-duration-normal grve-fade-in-up grve-h6 grve-title-gradient grve-title-69e7d2694659c\" style=\"\" data-delay=\"400\"><span><br>\n<h4>Available on:<\/h4>\n<\/span><\/h3><div class=\"grve-element grve-divider grve-animated-item grve-fade-in-up grve-duration-normal grve-align-center\" style=\"\" data-delay=\"200\"><span class=\"grve-custom-divider grve-bg-primary-1\" style=\"width: 50px;height: 2px;\"><\/span><\/div><div class=\"grve-empty-space grve-height-1x\" style=\"\"><\/div>[vc_row_inner][vc_column_inner width=&#8221;1\/4&#8243;][\/vc_column_inner][vc_column_inner width=&#8221;1\/4&#8243;]<div class=\"grve-element grve-align-center grve-animated-item grve-fade-in-down grve-duration-normal grve-fluid-button\" data-delay=\"200\"><a href=\"#\" target=\"_blank\" rel=\"noopener noreferrer\" class=\"grve-btn grve-btn-medium grve-square grve-bg-primary-1 grve-bg-hover-primary-2\" style=\"max-width: 280px;\"><span>Google Play Store<\/span><\/a><\/div><div class=\"grve-empty-space\" style=\"height: 20px;\"><\/div>[\/vc_column_inner][vc_column_inner width=&#8221;1\/4&#8243;]<div class=\"grve-element grve-align-center grve-animated-item grve-fade-in-down grve-duration-normal grve-fluid-button\" data-delay=\"200\"><a href=\"#\" class=\"grve-btn grve-btn-medium grve-square grve-bg-primary-1 grve-bg-hover-primary-2\" style=\"max-width: 280px;\"><span>Ios App Store<\/span><\/a><\/div><div class=\"grve-empty-space\" style=\"height: 20px;\"><\/div>[\/vc_column_inner][vc_column_inner width=&#8221;1\/4&#8243;][\/vc_column_inner][\/vc_row_inner][\/vc_column][\/vc_row][vc_row heading_color=&#8221;light&#8221; bg_type=&#8221;color&#8221; padding_top_multiplier=&#8221;2x&#8221; padding_bottom_multiplier=&#8221;3x&#8221; scroll_header_style=&#8221;default&#8221; bg_color=&#8221;#1e73be&#8221; font_color=&#8221;#ffffff&#8221;][vc_column]<h3 class=\"grve-element grve-title grve-align-center grve-animated-item grve-duration-normal grve-fade-in-up grve-h6\" style=\"\" data-delay=\"400\"><span><br>\n<h4>Veja o an\u00fancio da aplica\u00e7\u00e3o!<\/h4>\n<\/span><\/h3><div class=\"grve-empty-space grve-height-1x\" style=\"\"><\/div>[vc_row_inner][vc_column_inner width=&#8221;1\/6&#8243;][\/vc_column_inner][vc_column_inner width=&#8221;2\/3&#8243;]<div class=\"grve-element grve-video\" style=\"\"><iframe loading=\"lazy\" title=\"Spot_App_Start_EN\" src=\"https:\/\/player.vimeo.com\/video\/1034181866?dnt=1&amp;app_id=122963\" width=\"1080\" height=\"608\" frameborder=\"0\" allow=\"autoplay; fullscreen; picture-in-picture; clipboard-write\"><\/iframe><\/div><div class=\"grve-empty-space grve-height-2x\" style=\"\"><\/div>[\/vc_column_inner][vc_column_inner width=&#8221;1\/6&#8243;][\/vc_column_inner][\/vc_row_inner][\/vc_column][\/vc_row][vc_row heading_color=&#8221;light&#8221; disable_element=&#8221;yes&#8221; section_type=&#8221;fullwidth&#8221; bg_type=&#8221;image&#8221; bg_image=&#8221;16749&#8243; padding_top_multiplier=&#8221;&#8221; padding_bottom_multiplier=&#8221;&#8221; columns_gap=&#8221;none&#8221; equal_column_height=&#8221;equal-column&#8221; parallax_style=&#8221;vcpb-default&#8221; bg_image_new=&#8221;id^16749|url^https:\/\/start.conform.it\/wp-content\/uploads\/2023\/05\/Communication.webp|caption^Communication|alt^Communication|title^Communication|description^Communication&#8221; font_color=&#8221;#ffffff&#8221;][vc_column width=&#8221;1\/2&#8243; css=&#8221;.vc_custom_1507880751781{padding: 14% !important;}&#8221;]<h3 class=\"grve-element grve-title grve-align-left grve-h5\" style=\"\"><span>Eos solum doming ornatus.<\/span><\/h3><h3 class=\"grve-element grve-title grve-align-left grve-small-text\" style=\"margin-bottom: 18px;\"><span><span style=\"color: #000000;\">Situation extremely<\/span><\/span><\/h3>[vc_column_text css=&#8221;&#8221;]<\/p>\n<p style=\"text-align: justify;\">The <strong>Multilingual Tourist App &#8220;START-APP&#8221;<\/strong> is an innovative application that offers an immersive and interactive way to visit cultural sites, productive activities, and exhibition spaces across Europe. With personalised content and virtual tours included in thematic itineraries, you can experience the best of Italy, Greece, Spain, and Portugal, all from your smartphone!<\/p>\n<p>[\/vc_column_text][\/vc_column][vc_column width=&#8221;1\/2&#8243; css=&#8221;.vc_custom_1699009720039{padding-top: 14% !important;padding-right: 14% !important;padding-bottom: 14% !important;padding-left: 14% !important;}&#8221;]<h3 class=\"grve-element grve-title grve-align-left grve-h5\" style=\"\"><span>Eos solum doming ornatus.<\/span><\/h3>[\/vc_column][\/vc_row][vc_row disable_element=&#8221;yes&#8221;][vc_column]<div class=\"grve-element grve-slogan grve-align-left grve-animated-item grve-fade-in-down grve-duration-normal\" style=\"\" data-delay=\"400\"><div class=\"grve-btn-wrapper\"><a href=\"https:\/\/start.conform.it\/wp-content\/uploads\/2023\/05\/01-The-impact-of-digitalisation-on-the-tourism-sector-transforming-the-way-we-travel.pdf\" target=\"_blank\" rel=\"noopener noreferrer\" class=\"grve-btn grve-btn-extralarge grve-square grve-bg-primary-1 grve-bg-hover-primary-1 grve-btn-line\"><span><i class=\"fas fa-search-plus\"><\/i>Read More<\/span><\/a><\/div><\/div>[vc_tta_tour][vc_tta_section i_icon_fontawesome=&#8221;far fa-paper-plane&#8221; add_icon=&#8221;true&#8221; title=&#8221;Newsletter&#8221; tab_id=&#8221;1699011948224-08403114-c3e9&#8243;][vc_row_inner][vc_column_inner width=&#8221;1\/3&#8243;]<div class=\"grve-element grve-counter grve-align-center grve-animated-item grve-fade-in-up grve-duration-normal\" style=\"\" data-delay=\"200\">  <div class=\"grve-counter-icon\">  <i class=\"et-icon-profile-male grve-text-primary-2 grve-medium\"><\/i>  <\/div>  <div class=\"grve-counter-content\">    <div class=\"grve-counter-item grve-h1 grve-text-primary-1 grve-increase-heading grve-heading-140\">      <span data-thousands-separator-vis=\"\" data-thousands-separator=\",\" data-prefix=\"\" data-suffix=\"\" data-start-val=\"0\" data-end-val=\"80\" data-decimal-points=\"0\" data-decimal-separator=\".\" >0<\/span>    <\/div>\t<h3 class=\"grve-counter-title grve-h3\">Tourism Sector Workers Trained<\/h3>  <\/div><\/div>[\/vc_column_inner][vc_column_inner width=&#8221;1\/3&#8243;]<div class=\"grve-element grve-counter grve-align-center grve-animated-item grve-fade-in-up grve-duration-normal\" style=\"\" data-delay=\"200\">  <div class=\"grve-counter-icon\">  <i class=\"et-icon-profile-male grve-text-primary-2 grve-medium\"><\/i>  <\/div>  <div class=\"grve-counter-content\">    <div class=\"grve-counter-item grve-h1 grve-text-primary-1 grve-increase-heading grve-heading-140\">      <span data-thousands-separator-vis=\"\" data-thousands-separator=\",\" data-prefix=\"\" data-suffix=\"\" data-start-val=\"0\" data-end-val=\"80\" data-decimal-points=\"0\" data-decimal-separator=\".\" >0<\/span>    <\/div>\t<h3 class=\"grve-counter-title grve-h3\">Tourism Sector Workers Trained<\/h3>  <\/div><\/div>[\/vc_column_inner][vc_column_inner width=&#8221;1\/3&#8243;]<div class=\"grve-element grve-counter grve-align-center grve-animated-item grve-fade-in-up grve-duration-normal\" style=\"\" data-delay=\"200\">  <div class=\"grve-counter-icon\">  <i class=\"et-icon-profile-male grve-text-primary-2 grve-medium\"><\/i>  <\/div>  <div class=\"grve-counter-content\">    <div class=\"grve-counter-item grve-h1 grve-text-primary-1 grve-increase-heading grve-heading-140\">      <span data-thousands-separator-vis=\"\" data-thousands-separator=\",\" data-prefix=\"\" data-suffix=\"\" data-start-val=\"0\" data-end-val=\"80\" data-decimal-points=\"0\" data-decimal-separator=\".\" >0<\/span>    <\/div>\t<h3 class=\"grve-counter-title grve-h3\">Tourism Sector Workers Trained<\/h3>  <\/div><\/div>[\/vc_column_inner][\/vc_row_inner][\/vc_tta_section][vc_tta_section title=&#8221;Sezione 2&#8243; tab_id=&#8221;1699011950064-fb19e031-b4cd&#8221;][\/vc_tta_section][\/vc_tta_tour][\/vc_column][\/vc_row]<\/p>\n<\/div>","protected":false},"excerpt":{"rendered":"<p>Lorem ipsum dolor sit amet, fierent invidunt eleifend an sea, sea at nonumes deserunt, cum in dictas maiorum consequat. Legere delicata sea eu, vix ei blandit forensibus. Ne qui posse munere molestiae, no has stet dolorum.<\/p>\n","protected":false},"author":1,"featured_media":18352,"parent":0,"menu_order":0,"comment_status":"closed","ping_status":"closed","template":"","meta":{"footnotes":""},"class_list":["post-18628","page","type-page","status-publish","has-post-thumbnail","hentry"],"yoast_head":"<!-- This site is optimized with the Yoast SEO plugin v26.6 - https:\/\/yoast.com\/wordpress\/plugins\/seo\/ -->\n<title>APP TUR\u00cdSTICA MULTILINGUE - START<\/title>\n<meta name=\"description\" content=\"The Multilingual Tourist App - START-APP is an innovative application that offers an immersive and interactive way to visit cultural sites...\" \/>\n<meta name=\"robots\" content=\"index, follow, max-snippet:-1, max-image-preview:large, max-video-preview:-1\" \/>\n<link rel=\"canonical\" href=\"https:\/\/start.conform.it\/pt-pt\/multilingual-tourist-app\/\" \/>\n<meta property=\"og:locale\" content=\"pt_PT\" \/>\n<meta property=\"og:type\" content=\"article\" \/>\n<meta property=\"og:title\" content=\"APP TUR\u00cdSTICA MULTILINGUE - START\" \/>\n<meta property=\"og:description\" content=\"The Multilingual Tourist App - START-APP is an innovative application that offers an immersive and interactive way to visit cultural sites...\" \/>\n<meta property=\"og:url\" content=\"https:\/\/start.conform.it\/pt-pt\/multilingual-tourist-app\/\" \/>\n<meta property=\"og:site_name\" content=\"START\" \/>\n<meta property=\"article:modified_time\" content=\"2024-11-30T19:35:04+00:00\" \/>\n<meta property=\"og:image\" content=\"https:\/\/start.conform.it\/wp-content\/uploads\/2024\/11\/Multilingual-Tourist-App.webp\" \/>\n\t<meta property=\"og:image:width\" content=\"1920\" \/>\n\t<meta property=\"og:image:height\" content=\"400\" \/>\n\t<meta property=\"og:image:type\" content=\"image\/webp\" \/>\n<meta name=\"twitter:card\" content=\"summary_large_image\" \/>\n<meta name=\"twitter:label1\" content=\"Tempo estimado de leitura\" \/>\n\t<meta name=\"twitter:data1\" content=\"3 minutos\" \/>\n<script type=\"application\/ld+json\" class=\"yoast-schema-graph\">{\"@context\":\"https:\/\/schema.org\",\"@graph\":[{\"@type\":\"WebPage\",\"@id\":\"https:\/\/start.conform.it\/pt-pt\/multilingual-tourist-app\/\",\"url\":\"https:\/\/start.conform.it\/pt-pt\/multilingual-tourist-app\/\",\"name\":\"APP TUR\u00cdSTICA MULTILINGUE - START\",\"isPartOf\":{\"@id\":\"https:\/\/start.conform.it\/pt-pt\/#website\"},\"primaryImageOfPage\":{\"@id\":\"https:\/\/start.conform.it\/pt-pt\/multilingual-tourist-app\/#primaryimage\"},\"image\":{\"@id\":\"https:\/\/start.conform.it\/pt-pt\/multilingual-tourist-app\/#primaryimage\"},\"thumbnailUrl\":\"https:\/\/start.conform.it\/wp-content\/uploads\/2024\/11\/Multilingual-Tourist-App.webp\",\"datePublished\":\"2024-11-04T18:22:22+00:00\",\"dateModified\":\"2024-11-30T19:35:04+00:00\",\"description\":\"The Multilingual Tourist App - START-APP is an innovative application that offers an immersive and interactive way to visit cultural sites...\",\"breadcrumb\":{\"@id\":\"https:\/\/start.conform.it\/pt-pt\/multilingual-tourist-app\/#breadcrumb\"},\"inLanguage\":\"pt-PT\",\"potentialAction\":[{\"@type\":\"ReadAction\",\"target\":[\"https:\/\/start.conform.it\/pt-pt\/multilingual-tourist-app\/\"]}]},{\"@type\":\"ImageObject\",\"inLanguage\":\"pt-PT\",\"@id\":\"https:\/\/start.conform.it\/pt-pt\/multilingual-tourist-app\/#primaryimage\",\"url\":\"https:\/\/start.conform.it\/wp-content\/uploads\/2024\/11\/Multilingual-Tourist-App.webp\",\"contentUrl\":\"https:\/\/start.conform.it\/wp-content\/uploads\/2024\/11\/Multilingual-Tourist-App.webp\",\"width\":1920,\"height\":400,\"caption\":\"Multilingual Tourist App\"},{\"@type\":\"BreadcrumbList\",\"@id\":\"https:\/\/start.conform.it\/pt-pt\/multilingual-tourist-app\/#breadcrumb\",\"itemListElement\":[{\"@type\":\"ListItem\",\"position\":1,\"name\":\"Home\",\"item\":\"https:\/\/start.conform.it\/pt-pt\/\"},{\"@type\":\"ListItem\",\"position\":2,\"name\":\"APP TUR\u00cdSTICA MULTILINGUE\"}]},{\"@type\":\"WebSite\",\"@id\":\"https:\/\/start.conform.it\/pt-pt\/#website\",\"url\":\"https:\/\/start.conform.it\/pt-pt\/\",\"name\":\"START\",\"description\":\"SUSTAINABLE AND TECHNOLOGICAL APPROACH TO RETHINK TOURISM\",\"potentialAction\":[{\"@type\":\"SearchAction\",\"target\":{\"@type\":\"EntryPoint\",\"urlTemplate\":\"https:\/\/start.conform.it\/pt-pt\/?s={search_term_string}\"},\"query-input\":{\"@type\":\"PropertyValueSpecification\",\"valueRequired\":true,\"valueName\":\"search_term_string\"}}],\"inLanguage\":\"pt-PT\"}]}<\/script>\n<!-- \/ Yoast SEO plugin. -->","yoast_head_json":{"title":"APP TUR\u00cdSTICA MULTILINGUE - START","description":"The Multilingual Tourist App - START-APP is an innovative application that offers an immersive and interactive way to visit cultural sites...","robots":{"index":"index","follow":"follow","max-snippet":"max-snippet:-1","max-image-preview":"max-image-preview:large","max-video-preview":"max-video-preview:-1"},"canonical":"https:\/\/start.conform.it\/pt-pt\/multilingual-tourist-app\/","og_locale":"pt_PT","og_type":"article","og_title":"APP TUR\u00cdSTICA MULTILINGUE - START","og_description":"The Multilingual Tourist App - START-APP is an innovative application that offers an immersive and interactive way to visit cultural sites...","og_url":"https:\/\/start.conform.it\/pt-pt\/multilingual-tourist-app\/","og_site_name":"START","article_modified_time":"2024-11-30T19:35:04+00:00","og_image":[{"width":1920,"height":400,"url":"https:\/\/start.conform.it\/wp-content\/uploads\/2024\/11\/Multilingual-Tourist-App.webp","type":"image\/webp"}],"twitter_card":"summary_large_image","twitter_misc":{"Tempo estimado de leitura":"3 minutos"},"schema":{"@context":"https:\/\/schema.org","@graph":[{"@type":"WebPage","@id":"https:\/\/start.conform.it\/pt-pt\/multilingual-tourist-app\/","url":"https:\/\/start.conform.it\/pt-pt\/multilingual-tourist-app\/","name":"APP TUR\u00cdSTICA MULTILINGUE - START","isPartOf":{"@id":"https:\/\/start.conform.it\/pt-pt\/#website"},"primaryImageOfPage":{"@id":"https:\/\/start.conform.it\/pt-pt\/multilingual-tourist-app\/#primaryimage"},"image":{"@id":"https:\/\/start.conform.it\/pt-pt\/multilingual-tourist-app\/#primaryimage"},"thumbnailUrl":"https:\/\/start.conform.it\/wp-content\/uploads\/2024\/11\/Multilingual-Tourist-App.webp","datePublished":"2024-11-04T18:22:22+00:00","dateModified":"2024-11-30T19:35:04+00:00","description":"The Multilingual Tourist App - START-APP is an innovative application that offers an immersive and interactive way to visit cultural sites...","breadcrumb":{"@id":"https:\/\/start.conform.it\/pt-pt\/multilingual-tourist-app\/#breadcrumb"},"inLanguage":"pt-PT","potentialAction":[{"@type":"ReadAction","target":["https:\/\/start.conform.it\/pt-pt\/multilingual-tourist-app\/"]}]},{"@type":"ImageObject","inLanguage":"pt-PT","@id":"https:\/\/start.conform.it\/pt-pt\/multilingual-tourist-app\/#primaryimage","url":"https:\/\/start.conform.it\/wp-content\/uploads\/2024\/11\/Multilingual-Tourist-App.webp","contentUrl":"https:\/\/start.conform.it\/wp-content\/uploads\/2024\/11\/Multilingual-Tourist-App.webp","width":1920,"height":400,"caption":"Multilingual Tourist App"},{"@type":"BreadcrumbList","@id":"https:\/\/start.conform.it\/pt-pt\/multilingual-tourist-app\/#breadcrumb","itemListElement":[{"@type":"ListItem","position":1,"name":"Home","item":"https:\/\/start.conform.it\/pt-pt\/"},{"@type":"ListItem","position":2,"name":"APP TUR\u00cdSTICA MULTILINGUE"}]},{"@type":"WebSite","@id":"https:\/\/start.conform.it\/pt-pt\/#website","url":"https:\/\/start.conform.it\/pt-pt\/","name":"START","description":"SUSTAINABLE AND TECHNOLOGICAL APPROACH TO RETHINK TOURISM","potentialAction":[{"@type":"SearchAction","target":{"@type":"EntryPoint","urlTemplate":"https:\/\/start.conform.it\/pt-pt\/?s={search_term_string}"},"query-input":{"@type":"PropertyValueSpecification","valueRequired":true,"valueName":"search_term_string"}}],"inLanguage":"pt-PT"}]}},"_links":{"self":[{"href":"https:\/\/start.conform.it\/pt-pt\/wp-json\/wp\/v2\/pages\/18628","targetHints":{"allow":["GET"]}}],"collection":[{"href":"https:\/\/start.conform.it\/pt-pt\/wp-json\/wp\/v2\/pages"}],"about":[{"href":"https:\/\/start.conform.it\/pt-pt\/wp-json\/wp\/v2\/types\/page"}],"author":[{"embeddable":true,"href":"https:\/\/start.conform.it\/pt-pt\/wp-json\/wp\/v2\/users\/1"}],"replies":[{"embeddable":true,"href":"https:\/\/start.conform.it\/pt-pt\/wp-json\/wp\/v2\/comments?post=18628"}],"version-history":[{"count":2,"href":"https:\/\/start.conform.it\/pt-pt\/wp-json\/wp\/v2\/pages\/18628\/revisions"}],"predecessor-version":[{"id":18630,"href":"https:\/\/start.conform.it\/pt-pt\/wp-json\/wp\/v2\/pages\/18628\/revisions\/18630"}],"wp:featuredmedia":[{"embeddable":true,"href":"https:\/\/start.conform.it\/pt-pt\/wp-json\/wp\/v2\/media\/18352"}],"wp:attachment":[{"href":"https:\/\/start.conform.it\/pt-pt\/wp-json\/wp\/v2\/media?parent=18628"}],"curies":[{"name":"wp","href":"https:\/\/api.w.org\/{rel}","templated":true}]}}