{"id":18610,"date":"2024-09-15T12:46:15","date_gmt":"2024-09-15T12:46:15","guid":{"rendered":"https:\/\/start.conform.it\/educational-programme\/"},"modified":"2024-11-30T19:32:48","modified_gmt":"2024-11-30T19:32:48","slug":"educational-programme","status":"publish","type":"page","link":"https:\/\/start.conform.it\/pt-pt\/educational-programme\/","title":{"rendered":"PROGRAMA EDUCATIVO"},"content":{"rendered":"<div class=\"wpb-content-wrapper\"><p>[vc_row padding_top_multiplier=&#8221;3x&#8221; padding_bottom_multiplier=&#8221;&#8221;][vc_column]<style type=\"text\/css\">.grve-title-gradient.grve-title-69def02c55f2b > span,.grve-title-gradient.grve-title-69def02c55f2b .grve-clipping-content > span {color: #2b4f9d;background-image: -moz-linear-gradient(-45deg, #2b4f9d 0%, #35b9c5 100%);background-image: -webkit-linear-gradient(-45deg, #2b4f9d 0%, #35b9c5 100%);background-image: linear-gradient(135deg, #2b4f9d 0%, #35b9c5 100%);}<\/style><h3 class=\"grve-element grve-title grve-align-center grve-animated-item grve-duration-normal grve-fade-in-up grve-h6 grve-title-gradient grve-title-69def02c55f2b\" style=\"\" data-delay=\"400\"><span><br>\n<h4>Bem-vindo a bordo do Programa Educativo Start<\/h4>\n<\/span><\/h3><div class=\"grve-element grve-divider grve-animated-item grve-fade-in-up grve-duration-normal grve-align-center\" style=\"\" data-delay=\"200\"><span class=\"grve-custom-divider grve-bg-primary-1\" style=\"width: 50px;height: 2px;\"><\/span><\/div><div class=\"grve-empty-space grve-height-1x\" style=\"\"><\/div>[vc_column_text css=&#8221;&#8221; animation=&#8221;grve-fade-in-down&#8221; animation_delay=&#8221;0&#8243;]<\/p>\n<p style=\"text-align: justify;\">O <strong>Programa Educativo START<\/strong> \u00e9 um ambiente de aprendizagem interativo que acompanha os trabalhadores das PME numa jornada de sensibiliza\u00e7\u00e3o para os desafios da sustentabilidade e da digitaliza\u00e7\u00e3o para o setor do turismo. <strong>Atrav\u00e9s de uma interface simples e intuitiva, pode aceder: <\/strong><\/p>\n<p>[\/vc_column_text]<div class=\"grve-empty-space grve-height-1x\" style=\"\"><\/div>[\/vc_column][\/vc_row][vc_row padding_top_multiplier=&#8221;&#8221;][vc_column width=&#8221;1\/3&#8243;]<div class=\"grve-element grve-image grve-align-center\" style=\"\">  <div class=\"grve-image-wrapper\"><img loading=\"lazy\" decoding=\"async\" width=\"800\" height=\"800\" src=\"https:\/\/start.conform.it\/wp-content\/uploads\/2024\/09\/educational-programme.webp\" class=\"attachment-full size-full\" alt=\"educational-programme\" srcset=\"https:\/\/start.conform.it\/wp-content\/uploads\/2024\/09\/educational-programme.webp 800w, https:\/\/start.conform.it\/wp-content\/uploads\/2024\/09\/educational-programme-300x300.webp 300w, https:\/\/start.conform.it\/wp-content\/uploads\/2024\/09\/educational-programme-150x150.webp 150w, https:\/\/start.conform.it\/wp-content\/uploads\/2024\/09\/educational-programme-768x768.webp 768w, https:\/\/start.conform.it\/wp-content\/uploads\/2024\/09\/educational-programme-560x560.webp 560w\" sizes=\"auto, (max-width: 800px) 100vw, 800px\" \/>   <\/div><\/div><div class=\"grve-empty-space grve-height-1x\" style=\"\"><\/div>[\/vc_column][vc_column width=&#8221;2\/3&#8243;][vc_column_text css=&#8221;&#8221; animation=&#8221;grve-fade-in-left&#8221; animation_delay=&#8221;0&#8243;]<\/p>\n<ul>\n<li><strong>10 REA (Recursos Educativos Abertos)<\/strong> sob a forma de microcomprimidos interativos de forma\u00e7\u00e3o e um Metaverso, desenvolvidos pela parceria, para adquirir compet\u00eancias verdes e digitais ao longo do tempo que s\u00e3o fundamentais para a competitividade no setor do turismo<\/li>\n<li><strong>Entrevistas<\/strong> dadas por representantes de parcerias e especialistas do setor sobre os temas da sustentabilidade e digitaliza\u00e7\u00e3o no setor do turismo<\/li>\n<li><strong>Estudos de caso e boas pr\u00e1ticas<\/strong> relacionadas com processos de transi\u00e7\u00e3o sustent\u00e1vel e digital implementados por estabelecimentos tur\u00edsticos<\/li>\n<li><strong>Cen\u00e1rios com ramifica\u00e7\u00f5es narrativas,<\/strong> contextualizados \u00e0 realidade operacional de um hotel e ag\u00eancia de viagens, permitindo aos alunos testarem-se em simula\u00e7\u00f5es leves, interativas e envolventes<br \/>\nGreen Tech-Infusion Toolkit, enquanto ferramenta para orientar os trabalhadores do setor do turismo na realiza\u00e7\u00e3o de an\u00e1lises organizacionais destinadas a repensar os modelos de neg\u00f3cio numa chave circular e digital, a fim de inovar a oferta de produtos\/servi\u00e7os tur\u00edsticos<\/li>\n<\/ul>\n<p>[\/vc_column_text][\/vc_column][\/vc_row][vc_row bg_type=&#8221;color&#8221; padding_top_multiplier=&#8221;2x&#8221; bg_color=&#8221;#2b4f9d&#8221;][vc_column width=&#8221;1\/3&#8243;]<div class=\"grve-element grve-align-center grve-animated-item grve-fade-in-down grve-duration-normal grve-fluid-button\" data-delay=\"250\"><a href=\"#educational-programme\" class=\"grve-btn grve-btn-medium grve-square grve-bg-white grve-bg-hover-blue grve-btn-line\" style=\"max-width: 280px;\"><span>ACEDA AO PROGRAMA EDUCATIVO<\/span><\/a><\/div><div class=\"grve-empty-space grve-height-1x\" style=\"\"><\/div>[\/vc_column][vc_column width=&#8221;1\/3&#8243;]<div class=\"grve-element grve-align-center grve-animated-item grve-fade-in-down grve-duration-normal grve-fluid-button\" data-delay=\"300\"><a href=\"#interview\" class=\"grve-btn grve-btn-medium grve-square grve-bg-white grve-bg-hover-blue grve-btn-line grve-modal-popup\" style=\"max-width: 280px;\"><span>VEJA A ENTREVISTA<\/span><\/a><\/div><div class=\"grve-empty-space grve-height-1x\" style=\"\"><\/div>[\/vc_column][vc_column width=&#8221;1\/3&#8243;]<div class=\"grve-element grve-align-center grve-animated-item grve-fade-in-down grve-duration-normal grve-fluid-button\" data-delay=\"350\"><a href=\"https:\/\/www.spatial.io\/s\/START-Environment-655b82d2ab8a9bf0322ab289?share=364251703495212914\" target=\"_blank\" rel=\"noopener noreferrer\" class=\"grve-btn grve-btn-medium grve-square grve-bg-white grve-bg-hover-blue grve-btn-line\" style=\"max-width: 280px;\"><span>ACESSE O METAVERSO INICIAL<\/span><\/a><\/div><div class=\"grve-empty-space grve-height-1x\" style=\"\"><\/div>[\/vc_column][\/vc_row][vc_row heading_color=&#8221;light&#8221; padding_top_multiplier=&#8221;2x&#8221; padding_bottom_multiplier=&#8221;3x&#8221; scroll_header_style=&#8221;default&#8221; section_id=&#8221;educational-programme&#8221;][vc_column]<style type=\"text\/css\">.grve-title-gradient.grve-title-69def02c565de > span,.grve-title-gradient.grve-title-69def02c565de .grve-clipping-content > span {color: #2b4f9d;background-image: -moz-linear-gradient(-45deg, #2b4f9d 0%, #2b4f9d 100%);background-image: -webkit-linear-gradient(-45deg, #2b4f9d 0%, #2b4f9d 100%);background-image: linear-gradient(135deg, #2b4f9d 0%, #2b4f9d 100%);}<\/style><h3 class=\"grve-element grve-title grve-align-center grve-animated-item grve-duration-normal grve-fade-in-up grve-h6 grve-title-gradient grve-title-69def02c565de\" style=\"\" data-delay=\"400\"><span><br>\n<h4>Programa Educativo<\/h4>\n<span class=\"grve-title-line grve-bg-primary-1\" style=\"width: 50px;height: 2px;\"><\/span><\/span><\/h3><div class=\"grve-empty-space grve-height-1x\" style=\"\"><\/div>[vc_column_text css=&#8221;.vc_custom_1732992050880{padding-top: 15px !important;}&#8221; animation=&#8221;grve-fade-in-down&#8221;]<\/p>\n<p style=\"text-align: center;\"><strong>Para uma utiliza\u00e7\u00e3o completa e otimizada do Programa Educativo, recomendamos que se registe na <a href=\"https:\/\/erudire.it\" target=\"_blank\" rel=\"noopener\"><span style=\"text-decoration: underline;\">plataforma de e-learning Erudire<\/span><\/a><\/strong><\/p>\n<p style=\"text-align: center;\">Consulte o <span style=\"text-decoration: underline;\"><strong><a href=\"https:\/\/start.conform.it\/wp-content\/uploads\/2024\/09\/START_ErudirePlatform_TechnicalGuide.pdf\" target=\"_blank\" rel=\"noopener\">guia<\/a><\/strong><\/span> caso necessite de ajuda!<\/p>\n<p>[\/vc_column_text]<div class=\"grve-empty-space grve-height-1x\" style=\"\"><\/div>[vc_row_inner disable_element=&#8221;yes&#8221;][vc_column_inner width=&#8221;1\/3&#8243;][\/vc_column_inner][vc_column_inner width=&#8221;1\/3&#8243;]<div class=\"grve-element grve-align-center grve-animated-item grve-zoom-in grve-duration-normal grve-fluid-button\" data-delay=\"200\"><a href=\"https:\/\/erudire.it\/\" target=\"_blank\" rel=\"noopener noreferrer\" class=\"grve-btn grve-btn-medium grve-square grve-bg-primary-1 grve-bg-hover-primary-1 grve-btn-line\" style=\"max-width: 280px;\"><span>Access the platform<\/span><\/a><\/div><div class=\"grve-empty-space grve-height-1x\" style=\"\"><\/div>[\/vc_column_inner][vc_column_inner width=&#8221;1\/3&#8243;][\/vc_column_inner][\/vc_row_inner][vc_row_inner][vc_column_inner][vc_column_text css=&#8221;&#8221;]<\/p>\n<div style=\"width: 100%;\">\n<div style=\"position: relative; padding-bottom: 56.25%; padding-top: 0; height: 0;\"><iframe loading=\"lazy\" style=\"position: absolute; top: 0; left: 0; width: 100%; height: 100%;\" title=\"START - PT\" src=\"https:\/\/view.genially.com\/66f141848a0f08490b7d4a2e\" width=\"1280\" height=\"720\" frameborder=\"0\" scrolling=\"yes\" allowfullscreen=\"allowfullscreen\"><\/iframe><\/div>\n<\/div>\n<p>[\/vc_column_text]<div class=\"grve-empty-space grve-height-1x\" style=\"\"><\/div>[\/vc_column_inner][\/vc_row_inner]<div class=\"grve-empty-space grve-height-1x\" style=\"\"><\/div>[\/vc_column][\/vc_row][vc_row bg_type=&#8221;gradient&#8221; padding_top_multiplier=&#8221;&#8221; padding_bottom_multiplier=&#8221;&#8221; section_id=&#8221;#modal-01&#8243;][vc_column css=&#8221;.vc_custom_1674834831502{background-color: #1e73be !important;background-position: center !important;background-repeat: no-repeat !important;background-size: cover !important;}&#8221;]\t\t\t<div class=\"grve-modal-element mfp-hide\" id=\"interview\">\r\n\t\t\t\t<div class=\"grve-section\">\r\n\t\t\t\t\t<div class=\"grve-container\">\r\n\t\t\t\t\t\t<div class=\"grve-row grve-columns-gap-30\">\r\n\t\t\t\t\t\t\t<div class=\"grve-column grve-column-1\">\r\n\t\t\t\t\t\t\t<div class=\"grve-empty-space grve-height-2x\" style=\"\"><\/div><div class=\"grve-empty-space grve-height-1x\" style=\"\"><\/div>[vc_row_inner][vc_column_inner]<div class=\"grve-element grve-video\" style=\"\"><iframe loading=\"lazy\" title=\"START&#039;s interactive, immersive and gamified Educational Resources to address the challenges of tourism with new i\" src=\"https:\/\/player.vimeo.com\/video\/990054004?dnt=1&amp;app_id=122963\" width=\"1080\" height=\"608\" frameborder=\"0\" allow=\"autoplay; fullscreen; picture-in-picture; clipboard-write\"><\/iframe><\/div><div class=\"grve-empty-space grve-height-2x\" style=\"\"><\/div>[\/vc_column_inner][\/vc_row_inner]\t\t\t\t\t\t\t<\/div>\r\n\t\t\t\t\t\t<\/div>\r\n\t\t\t\t\t<\/div>\r\n\t\t\t\t<\/div>\r\n\t\t\t<\/div>\r\n\t\t[\/vc_column][\/vc_row][vc_row heading_color=&#8221;light&#8221; disable_element=&#8221;yes&#8221; bg_type=&#8221;image&#8221; bg_image=&#8221;16815&#8243; bg_image_type=&#8221;parallax&#8221; color_overlay=&#8221;primary-2&#8243; opacity_overlay=&#8221;70&#8243; padding_top_multiplier=&#8221;6x&#8221; padding_bottom_multiplier=&#8221;6x&#8221; parallax_sensor=&#8221;550&#8243; font_color=&#8221;#ffffff&#8221; section_id=&#8221;newsletters&#8221;][vc_column width=&#8221;1\/6&#8243;][\/vc_column][vc_column width=&#8221;2\/3&#8243;][vc_row_inner][vc_column_inner width=&#8221;1\/12&#8243;][\/vc_column_inner][vc_column_inner width=&#8221;5\/12&#8243;]<div class=\"grve-element grve-align-center grve-fluid-button\"><a href=\"https:\/\/start.conform.it\/wp-content\/uploads\/2023\/11\/WP2_R1_START_FinalVersion.pdf\" target=\"_blank\" rel=\"noopener noreferrer\" class=\"grve-btn grve-btn-medium grve-square grve-bg-primary-1 grve-bg-hover-primary-2\" style=\"max-width: 250px;\"><span>THE RESEARCH PAPER<\/span><\/a><\/div><div class=\"grve-empty-space\" style=\"height: 20px;\"><\/div>[\/vc_column_inner][vc_column_inner width=&#8221;5\/12&#8243;]<div class=\"grve-element grve-align-center grve-fluid-button\"><a href=\"https:\/\/start.conform.it\/wp-content\/uploads\/2024\/01\/Start_Training-Programme_Abstract_EN.pdf\" target=\"_blank\" rel=\"noopener noreferrer\" class=\"grve-btn grve-btn-medium grve-square grve-bg-primary-1 grve-bg-hover-primary-2\" style=\"max-width: 250px;\"><span>THE ABSTRACT<\/span><\/a><\/div>[\/vc_column_inner][vc_column_inner width=&#8221;1\/12&#8243;][\/vc_column_inner][\/vc_row_inner]<h3 class=\"grve-element grve-title grve-align-center grve-h6\" style=\"\"><span><br>\n<h1>Newsletters<\/h1>\n<span class=\"grve-title-line grve-bg-white\" style=\"width: 50px;height: 2px;\"><\/span><\/span><\/h3>[vc_column_text]<\/p>\n<p style=\"text-align: center;\">In this section you can download the newsletters that contains information on project activities.<\/p>\n<p>[\/vc_column_text][\/vc_column][vc_column width=&#8221;1\/6&#8243;][\/vc_column][\/vc_row][vc_row heading_color=&#8221;light&#8221; disable_element=&#8221;yes&#8221; section_type=&#8221;fullwidth&#8221; bg_type=&#8221;image&#8221; bg_image=&#8221;16749&#8243; padding_top_multiplier=&#8221;&#8221; padding_bottom_multiplier=&#8221;&#8221; columns_gap=&#8221;none&#8221; equal_column_height=&#8221;equal-column&#8221; parallax_style=&#8221;vcpb-default&#8221; bg_image_new=&#8221;id^16749|url^https:\/\/start.conform.it\/wp-content\/uploads\/2023\/05\/Communication.webp|caption^Communication|alt^Communication|title^Communication|description^Communication&#8221; font_color=&#8221;#ffffff&#8221;][vc_column width=&#8221;1\/2&#8243; css=&#8221;.vc_custom_1507880751781{padding: 14% !important;}&#8221;]<h3 class=\"grve-element grve-title grve-align-left grve-h5\" style=\"\"><span>Eos solum doming ornatus.<\/span><\/h3><h3 class=\"grve-element grve-title grve-align-left grve-small-text\" style=\"margin-bottom: 18px;\"><span><span style=\"color: #000000;\">Situation extremely<\/span><\/span><\/h3>[\/vc_column][vc_column width=&#8221;1\/2&#8243; css=&#8221;.vc_custom_1699009720039{padding-top: 14% !important;padding-right: 14% !important;padding-bottom: 14% !important;padding-left: 14% !important;}&#8221;]<h3 class=\"grve-element grve-title grve-align-left grve-h5\" style=\"\"><span>Eos solum doming ornatus.<\/span><\/h3>[vc_column_text]You one delay nor begin our folly abode. By disposed replying mr me unpacked no. As moonlight of my resolving unwilling. [\/vc_column_text][\/vc_column][\/vc_row][vc_row disable_element=&#8221;yes&#8221;][vc_column]<div class=\"grve-element grve-slogan grve-align-left grve-animated-item grve-fade-in-down grve-duration-normal\" style=\"\" data-delay=\"400\"><div class=\"grve-btn-wrapper\"><a href=\"https:\/\/start.conform.it\/wp-content\/uploads\/2023\/05\/01-The-impact-of-digitalisation-on-the-tourism-sector-transforming-the-way-we-travel.pdf\" target=\"_blank\" rel=\"noopener noreferrer\" class=\"grve-btn grve-btn-extralarge grve-square grve-bg-primary-1 grve-bg-hover-primary-1 grve-btn-line\"><span><i class=\"fas fa-search-plus\"><\/i>Read More<\/span><\/a><\/div><\/div>[vc_tta_tour][vc_tta_section i_icon_fontawesome=&#8221;far fa-paper-plane&#8221; add_icon=&#8221;true&#8221; title=&#8221;Newsletter&#8221; tab_id=&#8221;1699011948224-08403114-c3e9&#8243;][vc_row_inner][vc_column_inner width=&#8221;1\/3&#8243;]<div class=\"grve-element grve-counter grve-align-center grve-animated-item grve-fade-in-up grve-duration-normal\" style=\"\" data-delay=\"200\">  <div class=\"grve-counter-icon\">  <i class=\"et-icon-profile-male grve-text-primary-2 grve-medium\"><\/i>  <\/div>  <div class=\"grve-counter-content\">    <div class=\"grve-counter-item grve-h1 grve-text-primary-1 grve-increase-heading grve-heading-140\">      <span data-thousands-separator-vis=\"\" data-thousands-separator=\",\" data-prefix=\"\" data-suffix=\"\" data-start-val=\"0\" data-end-val=\"80\" data-decimal-points=\"0\" data-decimal-separator=\".\" >0<\/span>    <\/div>\t<h3 class=\"grve-counter-title grve-h3\">Tourism Sector Workers Trained<\/h3>  <\/div><\/div>[\/vc_column_inner][vc_column_inner width=&#8221;1\/3&#8243;]<div class=\"grve-element grve-counter grve-align-center grve-animated-item grve-fade-in-up grve-duration-normal\" style=\"\" data-delay=\"200\">  <div class=\"grve-counter-icon\">  <i class=\"et-icon-profile-male grve-text-primary-2 grve-medium\"><\/i>  <\/div>  <div class=\"grve-counter-content\">    <div class=\"grve-counter-item grve-h1 grve-text-primary-1 grve-increase-heading grve-heading-140\">      <span data-thousands-separator-vis=\"\" data-thousands-separator=\",\" data-prefix=\"\" data-suffix=\"\" data-start-val=\"0\" data-end-val=\"80\" data-decimal-points=\"0\" data-decimal-separator=\".\" >0<\/span>    <\/div>\t<h3 class=\"grve-counter-title grve-h3\">Tourism Sector Workers Trained<\/h3>  <\/div><\/div>[\/vc_column_inner][vc_column_inner width=&#8221;1\/3&#8243;]<div class=\"grve-element grve-counter grve-align-center grve-animated-item grve-fade-in-up grve-duration-normal\" style=\"\" data-delay=\"200\">  <div class=\"grve-counter-icon\">  <i class=\"et-icon-profile-male grve-text-primary-2 grve-medium\"><\/i>  <\/div>  <div class=\"grve-counter-content\">    <div class=\"grve-counter-item grve-h1 grve-text-primary-1 grve-increase-heading grve-heading-140\">      <span data-thousands-separator-vis=\"\" data-thousands-separator=\",\" data-prefix=\"\" data-suffix=\"\" data-start-val=\"0\" data-end-val=\"80\" data-decimal-points=\"0\" data-decimal-separator=\".\" >0<\/span>    <\/div>\t<h3 class=\"grve-counter-title grve-h3\">Tourism Sector Workers Trained<\/h3>  <\/div><\/div>[\/vc_column_inner][\/vc_row_inner][\/vc_tta_section][vc_tta_section title=&#8221;Sezione 2&#8243; tab_id=&#8221;1699011950064-fb19e031-b4cd&#8221;][\/vc_tta_section][\/vc_tta_tour][\/vc_column][\/vc_row]<\/p>\n<\/div>","protected":false},"excerpt":{"rendered":"<p>Lorem ipsum dolor sit amet, fierent invidunt eleifend an sea, sea at nonumes deserunt, cum in dictas maiorum consequat. Legere delicata sea eu, vix ei blandit forensibus. Ne qui posse munere molestiae, no has stet dolorum.<\/p>\n","protected":false},"author":1,"featured_media":18090,"parent":0,"menu_order":0,"comment_status":"closed","ping_status":"closed","template":"","meta":{"footnotes":""},"class_list":["post-18610","page","type-page","status-publish","has-post-thumbnail","hentry"],"yoast_head":"<!-- This site is optimized with the Yoast SEO plugin v26.6 - https:\/\/yoast.com\/wordpress\/plugins\/seo\/ -->\n<title>PROGRAMA EDUCATIVO - START<\/title>\n<meta name=\"description\" content=\"The START educational programme is an interactive learning environment that accompanies SME workers on a journey of awareness on...\" \/>\n<meta name=\"robots\" content=\"index, follow, max-snippet:-1, max-image-preview:large, max-video-preview:-1\" \/>\n<link rel=\"canonical\" href=\"https:\/\/start.conform.it\/pt-pt\/educational-programme\/\" \/>\n<meta property=\"og:locale\" content=\"pt_PT\" \/>\n<meta property=\"og:type\" content=\"article\" \/>\n<meta property=\"og:title\" content=\"PROGRAMA EDUCATIVO - START\" \/>\n<meta property=\"og:description\" content=\"The START educational programme is an interactive learning environment that accompanies SME workers on a journey of awareness on...\" \/>\n<meta property=\"og:url\" content=\"https:\/\/start.conform.it\/pt-pt\/educational-programme\/\" \/>\n<meta property=\"og:site_name\" content=\"START\" \/>\n<meta property=\"article:modified_time\" content=\"2024-11-30T19:32:48+00:00\" \/>\n<meta property=\"og:image\" content=\"https:\/\/start.conform.it\/wp-content\/uploads\/2024\/09\/educational-programme-start.webp\" \/>\n\t<meta property=\"og:image:width\" content=\"1920\" \/>\n\t<meta property=\"og:image:height\" content=\"400\" \/>\n\t<meta property=\"og:image:type\" content=\"image\/webp\" \/>\n<meta name=\"twitter:card\" content=\"summary_large_image\" \/>\n<meta name=\"twitter:label1\" content=\"Tempo estimado de leitura\" \/>\n\t<meta name=\"twitter:data1\" content=\"4 minutos\" \/>\n<script type=\"application\/ld+json\" class=\"yoast-schema-graph\">{\"@context\":\"https:\/\/schema.org\",\"@graph\":[{\"@type\":\"WebPage\",\"@id\":\"https:\/\/start.conform.it\/pt-pt\/educational-programme\/\",\"url\":\"https:\/\/start.conform.it\/pt-pt\/educational-programme\/\",\"name\":\"PROGRAMA EDUCATIVO - START\",\"isPartOf\":{\"@id\":\"https:\/\/start.conform.it\/pt-pt\/#website\"},\"primaryImageOfPage\":{\"@id\":\"https:\/\/start.conform.it\/pt-pt\/educational-programme\/#primaryimage\"},\"image\":{\"@id\":\"https:\/\/start.conform.it\/pt-pt\/educational-programme\/#primaryimage\"},\"thumbnailUrl\":\"https:\/\/start.conform.it\/wp-content\/uploads\/2024\/09\/educational-programme-start.webp\",\"datePublished\":\"2024-09-15T12:46:15+00:00\",\"dateModified\":\"2024-11-30T19:32:48+00:00\",\"description\":\"The START educational programme is an interactive learning environment that accompanies SME workers on a journey of awareness on...\",\"breadcrumb\":{\"@id\":\"https:\/\/start.conform.it\/pt-pt\/educational-programme\/#breadcrumb\"},\"inLanguage\":\"pt-PT\",\"potentialAction\":[{\"@type\":\"ReadAction\",\"target\":[\"https:\/\/start.conform.it\/pt-pt\/educational-programme\/\"]}]},{\"@type\":\"ImageObject\",\"inLanguage\":\"pt-PT\",\"@id\":\"https:\/\/start.conform.it\/pt-pt\/educational-programme\/#primaryimage\",\"url\":\"https:\/\/start.conform.it\/wp-content\/uploads\/2024\/09\/educational-programme-start.webp\",\"contentUrl\":\"https:\/\/start.conform.it\/wp-content\/uploads\/2024\/09\/educational-programme-start.webp\",\"width\":1920,\"height\":400,\"caption\":\"educational programme\"},{\"@type\":\"BreadcrumbList\",\"@id\":\"https:\/\/start.conform.it\/pt-pt\/educational-programme\/#breadcrumb\",\"itemListElement\":[{\"@type\":\"ListItem\",\"position\":1,\"name\":\"Home\",\"item\":\"https:\/\/start.conform.it\/pt-pt\/\"},{\"@type\":\"ListItem\",\"position\":2,\"name\":\"PROGRAMA EDUCATIVO\"}]},{\"@type\":\"WebSite\",\"@id\":\"https:\/\/start.conform.it\/pt-pt\/#website\",\"url\":\"https:\/\/start.conform.it\/pt-pt\/\",\"name\":\"START\",\"description\":\"SUSTAINABLE AND TECHNOLOGICAL APPROACH TO RETHINK TOURISM\",\"potentialAction\":[{\"@type\":\"SearchAction\",\"target\":{\"@type\":\"EntryPoint\",\"urlTemplate\":\"https:\/\/start.conform.it\/pt-pt\/?s={search_term_string}\"},\"query-input\":{\"@type\":\"PropertyValueSpecification\",\"valueRequired\":true,\"valueName\":\"search_term_string\"}}],\"inLanguage\":\"pt-PT\"}]}<\/script>\n<!-- \/ Yoast SEO plugin. -->","yoast_head_json":{"title":"PROGRAMA EDUCATIVO - START","description":"The START educational programme is an interactive learning environment that accompanies SME workers on a journey of awareness on...","robots":{"index":"index","follow":"follow","max-snippet":"max-snippet:-1","max-image-preview":"max-image-preview:large","max-video-preview":"max-video-preview:-1"},"canonical":"https:\/\/start.conform.it\/pt-pt\/educational-programme\/","og_locale":"pt_PT","og_type":"article","og_title":"PROGRAMA EDUCATIVO - START","og_description":"The START educational programme is an interactive learning environment that accompanies SME workers on a journey of awareness on...","og_url":"https:\/\/start.conform.it\/pt-pt\/educational-programme\/","og_site_name":"START","article_modified_time":"2024-11-30T19:32:48+00:00","og_image":[{"width":1920,"height":400,"url":"https:\/\/start.conform.it\/wp-content\/uploads\/2024\/09\/educational-programme-start.webp","type":"image\/webp"}],"twitter_card":"summary_large_image","twitter_misc":{"Tempo estimado de leitura":"4 minutos"},"schema":{"@context":"https:\/\/schema.org","@graph":[{"@type":"WebPage","@id":"https:\/\/start.conform.it\/pt-pt\/educational-programme\/","url":"https:\/\/start.conform.it\/pt-pt\/educational-programme\/","name":"PROGRAMA EDUCATIVO - START","isPartOf":{"@id":"https:\/\/start.conform.it\/pt-pt\/#website"},"primaryImageOfPage":{"@id":"https:\/\/start.conform.it\/pt-pt\/educational-programme\/#primaryimage"},"image":{"@id":"https:\/\/start.conform.it\/pt-pt\/educational-programme\/#primaryimage"},"thumbnailUrl":"https:\/\/start.conform.it\/wp-content\/uploads\/2024\/09\/educational-programme-start.webp","datePublished":"2024-09-15T12:46:15+00:00","dateModified":"2024-11-30T19:32:48+00:00","description":"The START educational programme is an interactive learning environment that accompanies SME workers on a journey of awareness on...","breadcrumb":{"@id":"https:\/\/start.conform.it\/pt-pt\/educational-programme\/#breadcrumb"},"inLanguage":"pt-PT","potentialAction":[{"@type":"ReadAction","target":["https:\/\/start.conform.it\/pt-pt\/educational-programme\/"]}]},{"@type":"ImageObject","inLanguage":"pt-PT","@id":"https:\/\/start.conform.it\/pt-pt\/educational-programme\/#primaryimage","url":"https:\/\/start.conform.it\/wp-content\/uploads\/2024\/09\/educational-programme-start.webp","contentUrl":"https:\/\/start.conform.it\/wp-content\/uploads\/2024\/09\/educational-programme-start.webp","width":1920,"height":400,"caption":"educational programme"},{"@type":"BreadcrumbList","@id":"https:\/\/start.conform.it\/pt-pt\/educational-programme\/#breadcrumb","itemListElement":[{"@type":"ListItem","position":1,"name":"Home","item":"https:\/\/start.conform.it\/pt-pt\/"},{"@type":"ListItem","position":2,"name":"PROGRAMA EDUCATIVO"}]},{"@type":"WebSite","@id":"https:\/\/start.conform.it\/pt-pt\/#website","url":"https:\/\/start.conform.it\/pt-pt\/","name":"START","description":"SUSTAINABLE AND TECHNOLOGICAL APPROACH TO RETHINK TOURISM","potentialAction":[{"@type":"SearchAction","target":{"@type":"EntryPoint","urlTemplate":"https:\/\/start.conform.it\/pt-pt\/?s={search_term_string}"},"query-input":{"@type":"PropertyValueSpecification","valueRequired":true,"valueName":"search_term_string"}}],"inLanguage":"pt-PT"}]}},"_links":{"self":[{"href":"https:\/\/start.conform.it\/pt-pt\/wp-json\/wp\/v2\/pages\/18610","targetHints":{"allow":["GET"]}}],"collection":[{"href":"https:\/\/start.conform.it\/pt-pt\/wp-json\/wp\/v2\/pages"}],"about":[{"href":"https:\/\/start.conform.it\/pt-pt\/wp-json\/wp\/v2\/types\/page"}],"author":[{"embeddable":true,"href":"https:\/\/start.conform.it\/pt-pt\/wp-json\/wp\/v2\/users\/1"}],"replies":[{"embeddable":true,"href":"https:\/\/start.conform.it\/pt-pt\/wp-json\/wp\/v2\/comments?post=18610"}],"version-history":[{"count":3,"href":"https:\/\/start.conform.it\/pt-pt\/wp-json\/wp\/v2\/pages\/18610\/revisions"}],"predecessor-version":[{"id":18613,"href":"https:\/\/start.conform.it\/pt-pt\/wp-json\/wp\/v2\/pages\/18610\/revisions\/18613"}],"wp:featuredmedia":[{"embeddable":true,"href":"https:\/\/start.conform.it\/pt-pt\/wp-json\/wp\/v2\/media\/18090"}],"wp:attachment":[{"href":"https:\/\/start.conform.it\/pt-pt\/wp-json\/wp\/v2\/media?parent=18610"}],"curies":[{"name":"wp","href":"https:\/\/api.w.org\/{rel}","templated":true}]}}