{"id":17658,"date":"2023-11-29T09:27:09","date_gmt":"2023-11-29T09:27:09","guid":{"rendered":"https:\/\/start.conform.it\/training-programme\/"},"modified":"2025-02-06T17:26:16","modified_gmt":"2025-02-06T17:26:16","slug":"training-programme","status":"publish","type":"page","link":"https:\/\/start.conform.it\/pt-pt\/training-programme\/","title":{"rendered":"PROGRAMA DE FORMA\u00c7\u00c3O"},"content":{"rendered":"<div class=\"wpb-content-wrapper\"><p>[vc_row padding_top_multiplier=&#8221;3x&#8221; padding_bottom_multiplier=&#8221;&#8221;][vc_column]<style type=\"text\/css\">.grve-title-gradient.grve-title-69e7d452d1df1 > span,.grve-title-gradient.grve-title-69e7d452d1df1 .grve-clipping-content > span {color: #2b4f9d;background-image: -moz-linear-gradient(-45deg, #2b4f9d 0%, #35b9c5 100%);background-image: -webkit-linear-gradient(-45deg, #2b4f9d 0%, #35b9c5 100%);background-image: linear-gradient(135deg, #2b4f9d 0%, #35b9c5 100%);}<\/style><h3 class=\"grve-element grve-title grve-align-center grve-animated-item grve-duration-normal grve-fade-in-up grve-h6 grve-title-gradient grve-title-69e7d452d1df1\" style=\"\" data-delay=\"400\"><span><br>\n<h4>Integra\u00e7\u00e3o na \u00e1rea do Programa de Forma\u00e7\u00e3o do Projeto Start<\/h4>\n<\/span><\/h3><div class=\"grve-element grve-divider grve-animated-item grve-fade-in-up grve-duration-normal grve-align-center\" style=\"\" data-delay=\"200\"><span class=\"grve-custom-divider grve-bg-primary-1\" style=\"width: 50px;height: 2px;\"><\/span><\/div><div class=\"grve-empty-space grve-height-1x\" style=\"\"><\/div>[vc_column_text animation=&#8221;grve-fade-in-down&#8221; animation_delay=&#8221;400&#8243;]<\/p>\n<p style=\"text-align: justify;\">O <strong>Programa de Forma\u00e7\u00e3o START<\/strong> cria um movimento poderoso que for\u00e7a os trabalhadores das PME a mergulharem profundamente nas correntes da transi\u00e7\u00e3o verde e da transforma\u00e7\u00e3o digital. Tal como os surfistas qualificados, o seu objetivo \u00e9 surfar estas ondas, reavaliando os seus pap\u00e9is e responsabilidades com o apoio de treinadores que atuam como agentes de mudan\u00e7a.<\/p>\n<p>[\/vc_column_text]<div class=\"grve-empty-space grve-height-1x\" style=\"\"><\/div>[\/vc_column][\/vc_row][vc_row padding_top_multiplier=&#8221;&#8221; padding_bottom_multiplier=&#8221;3x&#8221;][vc_column width=&#8221;1\/3&#8243;]<div class=\"grve-element grve-image grve-align-center\" style=\"\">  <div class=\"grve-image-wrapper\"><img loading=\"lazy\" decoding=\"async\" width=\"800\" height=\"800\" src=\"https:\/\/start.conform.it\/wp-content\/uploads\/2023\/11\/training-programme.webp\" class=\"attachment-full size-full\" alt=\"training-programme\" srcset=\"https:\/\/start.conform.it\/wp-content\/uploads\/2023\/11\/training-programme.webp 800w, https:\/\/start.conform.it\/wp-content\/uploads\/2023\/11\/training-programme-300x300.webp 300w, https:\/\/start.conform.it\/wp-content\/uploads\/2023\/11\/training-programme-150x150.webp 150w, https:\/\/start.conform.it\/wp-content\/uploads\/2023\/11\/training-programme-768x768.webp 768w, https:\/\/start.conform.it\/wp-content\/uploads\/2023\/11\/training-programme-560x560.webp 560w\" sizes=\"auto, (max-width: 800px) 100vw, 800px\" \/>   <\/div><\/div>[\/vc_column][vc_column width=&#8221;2\/3&#8243;]<div class=\"grve-empty-space grve-height-1x\" style=\"\"><\/div>[vc_column_text animation=&#8221;grve-fade-in-down&#8221; animation_delay=&#8221;400&#8243;]<strong>O programa de forma\u00e7\u00e3o foi desenvolvido pelos parceiros atrav\u00e9s de duas atividades integradas:<\/strong><\/p>\n<ul>\n<li>a REVIS\u00c3O DA AN\u00c1LISE DE NECESSIDADES que serviu de b\u00fassola para orientar a concep\u00e7\u00e3o do programa de forma\u00e7\u00e3o e identificar os seus elementos essenciais;<\/li>\n<li>a AN\u00c1LISE DE CAMPO, atrav\u00e9s de uma s\u00e9rie de workshops de valida\u00e7\u00e3o com 50 trabalhadores de PME, que criaram um v\u00f3rtice din\u00e2mico de envolvimento.<\/li>\n<\/ul>\n<p>Clique nos bot\u00f5es abaixo para baixar o<strong> artigo de pesquisa e o resumo do programa de treinamento START.<\/strong>[\/vc_column_text]<div class=\"grve-empty-space grve-height-1x\" style=\"\"><\/div>[vc_row_inner][vc_column_inner width=&#8221;1\/12&#8243;][\/vc_column_inner][vc_column_inner width=&#8221;5\/12&#8243;]<div class=\"grve-element grve-align-center grve-fluid-button\"><a href=\"https:\/\/start.conform.it\/wp-content\/uploads\/2023\/11\/WP2_R1_START_FinalVersion.pdf\" target=\"_blank\" rel=\"noopener noreferrer\" class=\"grve-btn grve-btn-medium grve-square grve-bg-primary-1 grve-bg-hover-primary-2\" style=\"max-width: 250px;\"><span>DOCUMENTO DE PESQUISA<\/span><\/a><\/div><div class=\"grve-empty-space\" style=\"height: 20px;\"><\/div>[\/vc_column_inner][vc_column_inner width=&#8221;5\/12&#8243;]<div class=\"grve-element grve-align-center grve-fluid-button\"><a href=\"https:\/\/start.conform.it\/wp-content\/uploads\/2025\/02\/Start_Training-Programme_Abstract_PT.pdf\" target=\"_blank\" rel=\"noopener noreferrer\" class=\"grve-btn grve-btn-medium grve-square grve-bg-primary-1 grve-bg-hover-primary-2\" style=\"max-width: 250px;\"><span>RESUMO<\/span><\/a><\/div>[\/vc_column_inner][vc_column_inner width=&#8221;1\/12&#8243;][\/vc_column_inner][\/vc_row_inner][\/vc_column][\/vc_row][vc_row heading_color=&#8221;light&#8221; bg_type=&#8221;color&#8221; padding_top_multiplier=&#8221;2x&#8221; padding_bottom_multiplier=&#8221;3x&#8221; scroll_header_style=&#8221;default&#8221; bg_color=&#8221;#1e73be&#8221; font_color=&#8221;#ffffff&#8221;][vc_column]<h3 class=\"grve-element grve-title grve-align-center grve-animated-item grve-duration-normal grve-fade-in-up grve-h6\" style=\"\" data-delay=\"400\"><span><br>\n<h4>N\u00e3o percas a aventura: carrega no play agora e mergulha num mundo de emo\u00e7\u00e3o!<\/h4>\n<\/span><\/h3><div class=\"grve-empty-space grve-height-1x\" style=\"\"><\/div><div class=\"grve-element grve-video\" style=\"\"><iframe loading=\"lazy\" title=\"coming soon - Copia - Copia - Copia - Copia - Copia - Copia - Copia\" src=\"https:\/\/player.vimeo.com\/video\/869581059?dnt=1&amp;app_id=122963\" width=\"1080\" height=\"608\" frameborder=\"0\" allow=\"autoplay; fullscreen; picture-in-picture\"><\/iframe><\/div><div class=\"grve-empty-space grve-height-1x\" style=\"\"><\/div>[\/vc_column][\/vc_row][vc_row heading_color=&#8221;light&#8221; disable_element=&#8221;yes&#8221; bg_type=&#8221;image&#8221; bg_image=&#8221;16815&#8243; bg_image_type=&#8221;parallax&#8221; color_overlay=&#8221;primary-2&#8243; opacity_overlay=&#8221;70&#8243; padding_top_multiplier=&#8221;6x&#8221; padding_bottom_multiplier=&#8221;6x&#8221; parallax_sensor=&#8221;550&#8243; font_color=&#8221;#ffffff&#8221; section_id=&#8221;newsletters&#8221;][vc_column width=&#8221;1\/6&#8243;][\/vc_column][vc_column width=&#8221;2\/3&#8243;]<h3 class=\"grve-element grve-title grve-align-center grve-h6\" style=\"\"><span><br>\n<h1>Newsletters<\/h1>\n<span class=\"grve-title-line grve-bg-white\" style=\"width: 50px;height: 2px;\"><\/span><\/span><\/h3>[vc_column_text]<\/p>\n<p style=\"text-align: center;\">In this section you can download the newsletters that contains information on project activities.<\/p>\n<p>[\/vc_column_text][\/vc_column][vc_column width=&#8221;1\/6&#8243;][\/vc_column][\/vc_row][vc_row heading_color=&#8221;light&#8221; disable_element=&#8221;yes&#8221; section_type=&#8221;fullwidth&#8221; bg_type=&#8221;image&#8221; bg_image=&#8221;16749&#8243; padding_top_multiplier=&#8221;&#8221; padding_bottom_multiplier=&#8221;&#8221; columns_gap=&#8221;none&#8221; equal_column_height=&#8221;equal-column&#8221; parallax_style=&#8221;vcpb-default&#8221; bg_image_new=&#8221;id^16749|url^https:\/\/start.conform.it\/wp-content\/uploads\/2023\/05\/Communication.webp|caption^Communication|alt^Communication|title^Communication|description^Communication&#8221; font_color=&#8221;#ffffff&#8221;][vc_column width=&#8221;1\/2&#8243; css=&#8221;.vc_custom_1507880751781{padding: 14% !important;}&#8221;]<h3 class=\"grve-element grve-title grve-align-left grve-h5\" style=\"\"><span>Eos solum doming ornatus.<\/span><\/h3><h3 class=\"grve-element grve-title grve-align-left grve-small-text\" style=\"margin-bottom: 18px;\"><span><span style=\"color: #000000;\">Situation extremely<\/span><\/span><\/h3>[\/vc_column][vc_column width=&#8221;1\/2&#8243; css=&#8221;.vc_custom_1699009720039{padding-top: 14% !important;padding-right: 14% !important;padding-bottom: 14% !important;padding-left: 14% !important;}&#8221;]<h3 class=\"grve-element grve-title grve-align-left grve-h5\" style=\"\"><span>Eos solum doming ornatus.<\/span><\/h3>[vc_column_text]You one delay nor begin our folly abode. By disposed replying mr me unpacked no. As moonlight of my resolving unwilling. [\/vc_column_text][\/vc_column][\/vc_row][vc_row disable_element=&#8221;yes&#8221;][vc_column]<div class=\"grve-element grve-slogan grve-align-left grve-animated-item grve-fade-in-down grve-duration-normal\" style=\"\" data-delay=\"400\"><div class=\"grve-btn-wrapper\"><a href=\"https:\/\/start.conform.it\/wp-content\/uploads\/2023\/05\/01-The-impact-of-digitalisation-on-the-tourism-sector-transforming-the-way-we-travel.pdf\" target=\"_blank\" rel=\"noopener noreferrer\" class=\"grve-btn grve-btn-extralarge grve-square grve-bg-primary-1 grve-bg-hover-primary-1 grve-btn-line\"><span><i class=\"fas fa-search-plus\"><\/i>Read More<\/span><\/a><\/div><\/div>[vc_tta_tour][vc_tta_section i_icon_fontawesome=&#8221;far fa-paper-plane&#8221; add_icon=&#8221;true&#8221; title=&#8221;Newsletter&#8221; tab_id=&#8221;1699011948224-08403114-c3e9&#8243;][vc_row_inner][vc_column_inner width=&#8221;1\/3&#8243;]<div class=\"grve-element grve-counter grve-align-center grve-animated-item grve-fade-in-up grve-duration-normal\" style=\"\" data-delay=\"200\">  <div class=\"grve-counter-icon\">  <i class=\"et-icon-profile-male grve-text-primary-2 grve-medium\"><\/i>  <\/div>  <div class=\"grve-counter-content\">    <div class=\"grve-counter-item grve-h1 grve-text-primary-1 grve-increase-heading grve-heading-140\">      <span data-thousands-separator-vis=\"\" data-thousands-separator=\",\" data-prefix=\"\" data-suffix=\"\" data-start-val=\"0\" data-end-val=\"80\" data-decimal-points=\"0\" data-decimal-separator=\".\" >0<\/span>    <\/div>\t<h3 class=\"grve-counter-title grve-h3\">Tourism Sector Workers Trained<\/h3>  <\/div><\/div>[\/vc_column_inner][vc_column_inner width=&#8221;1\/3&#8243;]<div class=\"grve-element grve-counter grve-align-center grve-animated-item grve-fade-in-up grve-duration-normal\" style=\"\" data-delay=\"200\">  <div class=\"grve-counter-icon\">  <i class=\"et-icon-profile-male grve-text-primary-2 grve-medium\"><\/i>  <\/div>  <div class=\"grve-counter-content\">    <div class=\"grve-counter-item grve-h1 grve-text-primary-1 grve-increase-heading grve-heading-140\">      <span data-thousands-separator-vis=\"\" data-thousands-separator=\",\" data-prefix=\"\" data-suffix=\"\" data-start-val=\"0\" data-end-val=\"80\" data-decimal-points=\"0\" data-decimal-separator=\".\" >0<\/span>    <\/div>\t<h3 class=\"grve-counter-title grve-h3\">Tourism Sector Workers Trained<\/h3>  <\/div><\/div>[\/vc_column_inner][vc_column_inner width=&#8221;1\/3&#8243;]<div class=\"grve-element grve-counter grve-align-center grve-animated-item grve-fade-in-up grve-duration-normal\" style=\"\" data-delay=\"200\">  <div class=\"grve-counter-icon\">  <i class=\"et-icon-profile-male grve-text-primary-2 grve-medium\"><\/i>  <\/div>  <div class=\"grve-counter-content\">    <div class=\"grve-counter-item grve-h1 grve-text-primary-1 grve-increase-heading grve-heading-140\">      <span data-thousands-separator-vis=\"\" data-thousands-separator=\",\" data-prefix=\"\" data-suffix=\"\" data-start-val=\"0\" data-end-val=\"80\" data-decimal-points=\"0\" data-decimal-separator=\".\" >0<\/span>    <\/div>\t<h3 class=\"grve-counter-title grve-h3\">Tourism Sector Workers Trained<\/h3>  <\/div><\/div>[\/vc_column_inner][\/vc_row_inner][\/vc_tta_section][vc_tta_section title=&#8221;Sezione 2&#8243; tab_id=&#8221;1699011950064-fb19e031-b4cd&#8221;][\/vc_tta_section][\/vc_tta_tour][\/vc_column][\/vc_row]<\/p>\n<\/div>","protected":false},"excerpt":{"rendered":"<p>Lorem ipsum dolor sit amet, fierent invidunt eleifend an sea, sea at nonumes deserunt, cum in dictas maiorum consequat. Legere delicata sea eu, vix ei blandit forensibus. Ne qui posse munere molestiae, no has stet dolorum.<\/p>\n","protected":false},"author":1,"featured_media":17546,"parent":0,"menu_order":0,"comment_status":"closed","ping_status":"closed","template":"","meta":{"footnotes":""},"class_list":["post-17658","page","type-page","status-publish","has-post-thumbnail","hentry"],"yoast_head":"<!-- This site is optimized with the Yoast SEO plugin v26.6 - https:\/\/yoast.com\/wordpress\/plugins\/seo\/ -->\n<title>PROGRAMA DE FORMA\u00c7\u00c3O - START<\/title>\n<meta name=\"description\" content=\"The START Training Programme creates a powerful tide forcing SME workers to deep dive into the currents of the green transition and digital..\" \/>\n<meta name=\"robots\" content=\"index, follow, max-snippet:-1, max-image-preview:large, max-video-preview:-1\" \/>\n<link rel=\"canonical\" href=\"https:\/\/start.conform.it\/pt-pt\/training-programme\/\" \/>\n<meta property=\"og:locale\" content=\"pt_PT\" \/>\n<meta property=\"og:type\" content=\"article\" \/>\n<meta property=\"og:title\" content=\"PROGRAMA DE FORMA\u00c7\u00c3O - START\" \/>\n<meta property=\"og:description\" content=\"The START Training Programme creates a powerful tide forcing SME workers to deep dive into the currents of the green transition and digital..\" \/>\n<meta property=\"og:url\" content=\"https:\/\/start.conform.it\/pt-pt\/training-programme\/\" \/>\n<meta property=\"og:site_name\" content=\"START\" \/>\n<meta property=\"article:modified_time\" content=\"2025-02-06T17:26:16+00:00\" \/>\n<meta property=\"og:image\" content=\"https:\/\/start.conform.it\/wp-content\/uploads\/2023\/11\/training-programme-start.webp\" \/>\n\t<meta property=\"og:image:width\" content=\"1920\" \/>\n\t<meta property=\"og:image:height\" content=\"400\" \/>\n\t<meta property=\"og:image:type\" content=\"image\/webp\" \/>\n<meta name=\"twitter:card\" content=\"summary_large_image\" \/>\n<meta name=\"twitter:label1\" content=\"Tempo estimado de leitura\" \/>\n\t<meta name=\"twitter:data1\" content=\"3 minutos\" \/>\n<script type=\"application\/ld+json\" class=\"yoast-schema-graph\">{\"@context\":\"https:\/\/schema.org\",\"@graph\":[{\"@type\":\"WebPage\",\"@id\":\"https:\/\/start.conform.it\/pt-pt\/training-programme\/\",\"url\":\"https:\/\/start.conform.it\/pt-pt\/training-programme\/\",\"name\":\"PROGRAMA DE FORMA\u00c7\u00c3O - START\",\"isPartOf\":{\"@id\":\"https:\/\/start.conform.it\/pt-pt\/#website\"},\"primaryImageOfPage\":{\"@id\":\"https:\/\/start.conform.it\/pt-pt\/training-programme\/#primaryimage\"},\"image\":{\"@id\":\"https:\/\/start.conform.it\/pt-pt\/training-programme\/#primaryimage\"},\"thumbnailUrl\":\"https:\/\/start.conform.it\/wp-content\/uploads\/2023\/11\/training-programme-start.webp\",\"datePublished\":\"2023-11-29T09:27:09+00:00\",\"dateModified\":\"2025-02-06T17:26:16+00:00\",\"description\":\"The START Training Programme creates a powerful tide forcing SME workers to deep dive into the currents of the green transition and digital..\",\"breadcrumb\":{\"@id\":\"https:\/\/start.conform.it\/pt-pt\/training-programme\/#breadcrumb\"},\"inLanguage\":\"pt-PT\",\"potentialAction\":[{\"@type\":\"ReadAction\",\"target\":[\"https:\/\/start.conform.it\/pt-pt\/training-programme\/\"]}]},{\"@type\":\"ImageObject\",\"inLanguage\":\"pt-PT\",\"@id\":\"https:\/\/start.conform.it\/pt-pt\/training-programme\/#primaryimage\",\"url\":\"https:\/\/start.conform.it\/wp-content\/uploads\/2023\/11\/training-programme-start.webp\",\"contentUrl\":\"https:\/\/start.conform.it\/wp-content\/uploads\/2023\/11\/training-programme-start.webp\",\"width\":1920,\"height\":400,\"caption\":\"training-programme-start\"},{\"@type\":\"BreadcrumbList\",\"@id\":\"https:\/\/start.conform.it\/pt-pt\/training-programme\/#breadcrumb\",\"itemListElement\":[{\"@type\":\"ListItem\",\"position\":1,\"name\":\"Home\",\"item\":\"https:\/\/start.conform.it\/pt-pt\/\"},{\"@type\":\"ListItem\",\"position\":2,\"name\":\"PROGRAMA DE FORMA\u00c7\u00c3O\"}]},{\"@type\":\"WebSite\",\"@id\":\"https:\/\/start.conform.it\/pt-pt\/#website\",\"url\":\"https:\/\/start.conform.it\/pt-pt\/\",\"name\":\"START\",\"description\":\"SUSTAINABLE AND TECHNOLOGICAL APPROACH TO RETHINK TOURISM\",\"potentialAction\":[{\"@type\":\"SearchAction\",\"target\":{\"@type\":\"EntryPoint\",\"urlTemplate\":\"https:\/\/start.conform.it\/pt-pt\/?s={search_term_string}\"},\"query-input\":{\"@type\":\"PropertyValueSpecification\",\"valueRequired\":true,\"valueName\":\"search_term_string\"}}],\"inLanguage\":\"pt-PT\"}]}<\/script>\n<!-- \/ Yoast SEO plugin. -->","yoast_head_json":{"title":"PROGRAMA DE FORMA\u00c7\u00c3O - START","description":"The START Training Programme creates a powerful tide forcing SME workers to deep dive into the currents of the green transition and digital..","robots":{"index":"index","follow":"follow","max-snippet":"max-snippet:-1","max-image-preview":"max-image-preview:large","max-video-preview":"max-video-preview:-1"},"canonical":"https:\/\/start.conform.it\/pt-pt\/training-programme\/","og_locale":"pt_PT","og_type":"article","og_title":"PROGRAMA DE FORMA\u00c7\u00c3O - START","og_description":"The START Training Programme creates a powerful tide forcing SME workers to deep dive into the currents of the green transition and digital..","og_url":"https:\/\/start.conform.it\/pt-pt\/training-programme\/","og_site_name":"START","article_modified_time":"2025-02-06T17:26:16+00:00","og_image":[{"width":1920,"height":400,"url":"https:\/\/start.conform.it\/wp-content\/uploads\/2023\/11\/training-programme-start.webp","type":"image\/webp"}],"twitter_card":"summary_large_image","twitter_misc":{"Tempo estimado de leitura":"3 minutos"},"schema":{"@context":"https:\/\/schema.org","@graph":[{"@type":"WebPage","@id":"https:\/\/start.conform.it\/pt-pt\/training-programme\/","url":"https:\/\/start.conform.it\/pt-pt\/training-programme\/","name":"PROGRAMA DE FORMA\u00c7\u00c3O - START","isPartOf":{"@id":"https:\/\/start.conform.it\/pt-pt\/#website"},"primaryImageOfPage":{"@id":"https:\/\/start.conform.it\/pt-pt\/training-programme\/#primaryimage"},"image":{"@id":"https:\/\/start.conform.it\/pt-pt\/training-programme\/#primaryimage"},"thumbnailUrl":"https:\/\/start.conform.it\/wp-content\/uploads\/2023\/11\/training-programme-start.webp","datePublished":"2023-11-29T09:27:09+00:00","dateModified":"2025-02-06T17:26:16+00:00","description":"The START Training Programme creates a powerful tide forcing SME workers to deep dive into the currents of the green transition and digital..","breadcrumb":{"@id":"https:\/\/start.conform.it\/pt-pt\/training-programme\/#breadcrumb"},"inLanguage":"pt-PT","potentialAction":[{"@type":"ReadAction","target":["https:\/\/start.conform.it\/pt-pt\/training-programme\/"]}]},{"@type":"ImageObject","inLanguage":"pt-PT","@id":"https:\/\/start.conform.it\/pt-pt\/training-programme\/#primaryimage","url":"https:\/\/start.conform.it\/wp-content\/uploads\/2023\/11\/training-programme-start.webp","contentUrl":"https:\/\/start.conform.it\/wp-content\/uploads\/2023\/11\/training-programme-start.webp","width":1920,"height":400,"caption":"training-programme-start"},{"@type":"BreadcrumbList","@id":"https:\/\/start.conform.it\/pt-pt\/training-programme\/#breadcrumb","itemListElement":[{"@type":"ListItem","position":1,"name":"Home","item":"https:\/\/start.conform.it\/pt-pt\/"},{"@type":"ListItem","position":2,"name":"PROGRAMA DE FORMA\u00c7\u00c3O"}]},{"@type":"WebSite","@id":"https:\/\/start.conform.it\/pt-pt\/#website","url":"https:\/\/start.conform.it\/pt-pt\/","name":"START","description":"SUSTAINABLE AND TECHNOLOGICAL APPROACH TO RETHINK TOURISM","potentialAction":[{"@type":"SearchAction","target":{"@type":"EntryPoint","urlTemplate":"https:\/\/start.conform.it\/pt-pt\/?s={search_term_string}"},"query-input":{"@type":"PropertyValueSpecification","valueRequired":true,"valueName":"search_term_string"}}],"inLanguage":"pt-PT"}]}},"_links":{"self":[{"href":"https:\/\/start.conform.it\/pt-pt\/wp-json\/wp\/v2\/pages\/17658","targetHints":{"allow":["GET"]}}],"collection":[{"href":"https:\/\/start.conform.it\/pt-pt\/wp-json\/wp\/v2\/pages"}],"about":[{"href":"https:\/\/start.conform.it\/pt-pt\/wp-json\/wp\/v2\/types\/page"}],"author":[{"embeddable":true,"href":"https:\/\/start.conform.it\/pt-pt\/wp-json\/wp\/v2\/users\/1"}],"replies":[{"embeddable":true,"href":"https:\/\/start.conform.it\/pt-pt\/wp-json\/wp\/v2\/comments?post=17658"}],"version-history":[{"count":4,"href":"https:\/\/start.conform.it\/pt-pt\/wp-json\/wp\/v2\/pages\/17658\/revisions"}],"predecessor-version":[{"id":18685,"href":"https:\/\/start.conform.it\/pt-pt\/wp-json\/wp\/v2\/pages\/17658\/revisions\/18685"}],"wp:featuredmedia":[{"embeddable":true,"href":"https:\/\/start.conform.it\/pt-pt\/wp-json\/wp\/v2\/media\/17546"}],"wp:attachment":[{"href":"https:\/\/start.conform.it\/pt-pt\/wp-json\/wp\/v2\/media?parent=17658"}],"curies":[{"name":"wp","href":"https:\/\/api.w.org\/{rel}","templated":true}]}}