{"id":18590,"date":"2024-11-04T18:22:22","date_gmt":"2024-11-04T18:22:22","guid":{"rendered":"https:\/\/start.conform.it\/multilingual-tourist-app\/"},"modified":"2025-01-08T15:40:10","modified_gmt":"2025-01-08T15:40:10","slug":"multilingual-tourist-app","status":"publish","type":"page","link":"https:\/\/start.conform.it\/es\/multilingual-tourist-app\/","title":{"rendered":"APLICACI\u00d3N TUR\u00cdSTICA MULTILING\u00dcE"},"content":{"rendered":"<div class=\"wpb-content-wrapper\"><p>[vc_row padding_top_multiplier=\u00bb3x\u00bb padding_bottom_multiplier=\u00bb\u00bb][vc_column]<style type=\"text\/css\">.grve-title-gradient.grve-title-69df046cbefe3 > span,.grve-title-gradient.grve-title-69df046cbefe3 .grve-clipping-content > span {color: #2b4f9d;background-image: -moz-linear-gradient(-45deg, #2b4f9d 0%, #35b9c5 100%);background-image: -webkit-linear-gradient(-45deg, #2b4f9d 0%, #35b9c5 100%);background-image: linear-gradient(135deg, #2b4f9d 0%, #35b9c5 100%);}<\/style><h3 class=\"grve-element grve-title grve-align-center grve-animated-item grve-duration-normal grve-fade-in-up grve-h6 grve-title-gradient grve-title-69df046cbefe3\" style=\"\" data-delay=\"400\"><span><br>\n<h4>Explora una nueva forma de experimentar el turismo con la APP START<\/h4>\n<\/span><\/h3><div class=\"grve-element grve-divider grve-animated-item grve-fade-in-up grve-duration-normal grve-align-center\" style=\"\" data-delay=\"200\"><span class=\"grve-custom-divider grve-bg-primary-1\" style=\"width: 50px;height: 2px;\"><\/span><\/div><style type=\"text\/css\">.grve-title-gradient.grve-title-69df046cbf051 > span,.grve-title-gradient.grve-title-69df046cbf051 .grve-clipping-content > span {color: #2b4f9d;background-image: -moz-linear-gradient(-45deg, #2b4f9d 0%, #35b9c5 100%);background-image: -webkit-linear-gradient(-45deg, #2b4f9d 0%, #35b9c5 100%);background-image: linear-gradient(135deg, #2b4f9d 0%, #35b9c5 100%);}<\/style><h3 class=\"grve-element grve-title grve-align-center grve-animated-item grve-duration-normal grve-fade-in-down grve-h6 grve-title-gradient grve-title-69df046cbf051\" style=\"\" data-delay=\"400\"><span><br>\n<h4>Una experiencia interactiva de 360\u00b0 con asistencia de IA<\/h4>\n<\/span><\/h3><div class=\"grve-empty-space grve-height-1x\" style=\"\"><\/div>[vc_column_text css=\u00bb\u00bb]<\/p>\n<p style=\"text-align: justify;\">La <strong>App tur\u00edstica multiling\u00fce \u00abSTART-APP \u00bb<\/strong> es una aplicaci\u00f3n innovadora que ofrece una forma inmersiva e interactiva de visitar lugares culturales, actividades productivas y espacios expositivos de toda Europa. Con contenidos personalizados y visitas virtuales incluidas en itinerarios tem\u00e1ticos, podr\u00e1s experimentar lo mejor de Italia, Grecia, Espa\u00f1a y Portugal, \u00a1todo desde tu smartphone!<\/p>\n<p>[\/vc_column_text]<div class=\"grve-empty-space grve-height-1x\" style=\"\"><\/div>[\/vc_column][\/vc_row][vc_row padding_top_multiplier=\u00bb\u00bb padding_bottom_multiplier=\u00bb\u00bb][vc_column width=\u00bb1\/3&#8243;]<div class=\"grve-element grve-image grve-align-center\" style=\"\">  <div class=\"grve-image-wrapper\"><img loading=\"lazy\" decoding=\"async\" width=\"800\" height=\"800\" src=\"https:\/\/start.conform.it\/wp-content\/uploads\/2024\/11\/IMG-Multilingual-Tourist-App.webp\" class=\"attachment-full size-full\" alt=\"Multilingual Tourist App App Turistica Multilingua\" srcset=\"https:\/\/start.conform.it\/wp-content\/uploads\/2024\/11\/IMG-Multilingual-Tourist-App.webp 800w, https:\/\/start.conform.it\/wp-content\/uploads\/2024\/11\/IMG-Multilingual-Tourist-App-300x300.webp 300w, https:\/\/start.conform.it\/wp-content\/uploads\/2024\/11\/IMG-Multilingual-Tourist-App-150x150.webp 150w, https:\/\/start.conform.it\/wp-content\/uploads\/2024\/11\/IMG-Multilingual-Tourist-App-768x768.webp 768w, https:\/\/start.conform.it\/wp-content\/uploads\/2024\/11\/IMG-Multilingual-Tourist-App-560x560.webp 560w\" sizes=\"auto, (max-width: 800px) 100vw, 800px\" \/>   <\/div><\/div><div class=\"grve-empty-space grve-height-1x\" style=\"\"><\/div>[\/vc_column][vc_column width=\u00bb2\/3&#8243;]<div class=\"ult-spacer spacer-69df046cbf534\" data-id=\"69df046cbf534\" data-height=\"10\" data-height-mobile=\"0\" data-height-tab=\"0\" data-height-tab-portrait=\"0\" data-height-mobile-landscape=\"0\" style=\"clear:both;display:block;\"><\/div>[vc_column_text css=\u00bb\u00bb animation=\u00bbgrve-fade-in-left\u00bb]<\/p>\n<p style=\"text-align: justify;\"><strong>START-APP<\/strong> te permite explorar lugares \u00fanicos a trav\u00e9s de <strong>visitas virtuales de 360\u00b0<\/strong> y te ofrece la posibilidad de interactuar con un avanzado <strong>chatbot de IA<\/strong>. Este chatbot responder\u00e1 a tus preguntas, proporcion\u00e1ndote informaci\u00f3n adicional y conocimientos sobre las atracciones que est\u00e1s visitando, las tradiciones locales, los productos t\u00edpicos y mucho m\u00e1s.<\/p>\n<p style=\"text-align: justify;\"><strong>Caracter\u00edsticas principales:<\/strong><\/p>\n<ul>\n<li style=\"text-align: justify;\"><strong>Exploraci\u00f3n inmersiva:<\/strong> descubre lugares hist\u00f3ricos y atracciones culturales a trav\u00e9s de visitas virtuales de 360\u00b0 que te sumergen por completo en el destino.<\/li>\n<li style=\"text-align: justify;\"><strong>Asistencia de IA en tiempo real<\/strong>: un chatbot basado en IA est\u00e1 siempre listo para proporcionar respuestas instant\u00e1neas e informaci\u00f3n detallada.<\/li>\n<li style=\"text-align: justify;\"><strong>Contenido multimedia:<\/strong> accede a textos descriptivos, v\u00eddeos, im\u00e1genes y enlaces que enriquecen cada parada de tu itinerario.<\/li>\n<\/ul>\n<p>[\/vc_column_text][\/vc_column][\/vc_row][vc_row padding_top_multiplier=\u00bb\u00bb padding_bottom_multiplier=\u00bb2x\u00bb][vc_column]<style type=\"text\/css\">.grve-title-gradient.grve-title-69df046cbf558 > span,.grve-title-gradient.grve-title-69df046cbf558 .grve-clipping-content > span {color: #2b4f9d;background-image: -moz-linear-gradient(-45deg, #2b4f9d 0%, #35b9c5 100%);background-image: -webkit-linear-gradient(-45deg, #2b4f9d 0%, #35b9c5 100%);background-image: linear-gradient(135deg, #2b4f9d 0%, #35b9c5 100%);}<\/style><h3 class=\"grve-element grve-title grve-align-center grve-animated-item grve-duration-normal grve-fade-in-up grve-h6 grve-title-gradient grve-title-69df046cbf558\" style=\"\" data-delay=\"400\"><span><br>\n<h4>Disponible en:<\/h4>\n<\/span><\/h3><div class=\"grve-element grve-divider grve-animated-item grve-fade-in-up grve-duration-normal grve-align-center\" style=\"\" data-delay=\"200\"><span class=\"grve-custom-divider grve-bg-primary-1\" style=\"width: 50px;height: 2px;\"><\/span><\/div><div class=\"grve-empty-space grve-height-1x\" style=\"\"><\/div>[vc_row_inner][vc_column_inner width=\u00bb1\/4&#8243;][\/vc_column_inner][vc_column_inner width=\u00bb1\/4&#8243;]<div class=\"grve-element grve-align-center grve-animated-item grve-fade-in-down grve-duration-normal grve-fluid-button\" data-delay=\"200\"><a href=\"https:\/\/play.google.com\/store\/apps\/details?id=it.conform.start\" target=\"_blank\" rel=\"noopener noreferrer\" class=\"grve-btn grve-btn-medium grve-square grve-bg-primary-1 grve-bg-hover-primary-2\" style=\"max-width: 280px;\"><span>Google Play Store<\/span><\/a><\/div><div class=\"grve-empty-space\" style=\"height: 20px;\"><\/div>[\/vc_column_inner][vc_column_inner width=\u00bb1\/4&#8243;]<div class=\"grve-element grve-align-center grve-animated-item grve-fade-in-down grve-duration-normal grve-fluid-button\" data-delay=\"200\"><a href=\"https:\/\/apps.apple.com\/it\/app\/start-360\/id6504185714\" target=\"_blank\" rel=\"noopener noreferrer\" class=\"grve-btn grve-btn-medium grve-square grve-bg-primary-1 grve-bg-hover-primary-2\" style=\"max-width: 280px;\"><span>Ios App Store<\/span><\/a><\/div><div class=\"grve-empty-space\" style=\"height: 20px;\"><\/div>[\/vc_column_inner][vc_column_inner width=\u00bb1\/4&#8243;][\/vc_column_inner][\/vc_row_inner][\/vc_column][\/vc_row][vc_row heading_color=\u00bblight\u00bb bg_type=\u00bbcolor\u00bb padding_top_multiplier=\u00bb2x\u00bb padding_bottom_multiplier=\u00bb3x\u00bb scroll_header_style=\u00bbdefault\u00bb bg_color=\u00bb#1e73be\u00bb font_color=\u00bb#ffffff\u00bb][vc_column]<h3 class=\"grve-element grve-title grve-align-center grve-animated-item grve-duration-normal grve-fade-in-up grve-h6\" style=\"\" data-delay=\"400\"><span><br>\n<h4>\u00a1Mira el anuncio de la aplicaci\u00f3n!<\/h4>\n<\/span><\/h3><div class=\"grve-empty-space grve-height-1x\" style=\"\"><\/div>[vc_row_inner][vc_column_inner width=\u00bb1\/6&#8243;][\/vc_column_inner][vc_column_inner width=\u00bb2\/3&#8243;]<div class=\"grve-element grve-video\" style=\"\"><iframe loading=\"lazy\" title=\"Spot_App_Start_EN\" src=\"https:\/\/player.vimeo.com\/video\/1034181866?dnt=1&amp;app_id=122963\" width=\"1080\" height=\"608\" frameborder=\"0\" allow=\"autoplay; fullscreen; picture-in-picture; clipboard-write\"><\/iframe><\/div><div class=\"grve-empty-space grve-height-2x\" style=\"\"><\/div>[\/vc_column_inner][vc_column_inner width=\u00bb1\/6&#8243;][\/vc_column_inner][\/vc_row_inner][\/vc_column][\/vc_row][vc_row heading_color=\u00bblight\u00bb disable_element=\u00bbyes\u00bb section_type=\u00bbfullwidth\u00bb bg_type=\u00bbimage\u00bb bg_image=\u00bb16749&#8243; padding_top_multiplier=\u00bb\u00bb padding_bottom_multiplier=\u00bb\u00bb columns_gap=\u00bbnone\u00bb equal_column_height=\u00bbequal-column\u00bb parallax_style=\u00bbvcpb-default\u00bb bg_image_new=\u00bbid^16749|url^https:\/\/start.conform.it\/wp-content\/uploads\/2023\/05\/Communication.webp|caption^Communication|alt^Communication|title^Communication|description^Communication\u00bb font_color=\u00bb#ffffff\u00bb][vc_column width=\u00bb1\/2&#8243; css=\u00bb.vc_custom_1507880751781{padding: 14% !important;}\u00bb]<h3 class=\"grve-element grve-title grve-align-left grve-h5\" style=\"\"><span>Eos solum doming ornatus.<\/span><\/h3><h3 class=\"grve-element grve-title grve-align-left grve-small-text\" style=\"margin-bottom: 18px;\"><span><span style=\"color: #000000;\">Situation extremely<\/span><\/span><\/h3>[vc_column_text css=\u00bb\u00bb]<\/p>\n<p style=\"text-align: justify;\">The <strong>Multilingual Tourist App \u00abSTART-APP\u00bb<\/strong> is an innovative application that offers an immersive and interactive way to visit cultural sites, productive activities, and exhibition spaces across Europe. With personalised content and virtual tours included in thematic itineraries, you can experience the best of Italy, Greece, Spain, and Portugal, all from your smartphone!<\/p>\n<p>[\/vc_column_text][\/vc_column][vc_column width=\u00bb1\/2&#8243; css=\u00bb.vc_custom_1699009720039{padding-top: 14% !important;padding-right: 14% !important;padding-bottom: 14% !important;padding-left: 14% !important;}\u00bb]<h3 class=\"grve-element grve-title grve-align-left grve-h5\" style=\"\"><span>Eos solum doming ornatus.<\/span><\/h3>[\/vc_column][\/vc_row][vc_row disable_element=\u00bbyes\u00bb][vc_column]<div class=\"grve-element grve-slogan grve-align-left grve-animated-item grve-fade-in-down grve-duration-normal\" style=\"\" data-delay=\"400\"><div class=\"grve-btn-wrapper\"><a href=\"https:\/\/start.conform.it\/wp-content\/uploads\/2023\/05\/01-The-impact-of-digitalisation-on-the-tourism-sector-transforming-the-way-we-travel.pdf\" target=\"_blank\" rel=\"noopener noreferrer\" class=\"grve-btn grve-btn-extralarge grve-square grve-bg-primary-1 grve-bg-hover-primary-1 grve-btn-line\"><span><i class=\"fas fa-search-plus\"><\/i>Read More<\/span><\/a><\/div><\/div>[vc_tta_tour][vc_tta_section i_icon_fontawesome=\u00bbfar fa-paper-plane\u00bb add_icon=\u00bbtrue\u00bb title=\u00bbNewsletter\u00bb tab_id=\u00bb1699011948224-08403114-c3e9&#8243;][vc_row_inner][vc_column_inner width=\u00bb1\/3&#8243;]<div class=\"grve-element grve-counter grve-align-center grve-animated-item grve-fade-in-up grve-duration-normal\" style=\"\" data-delay=\"200\">  <div class=\"grve-counter-icon\">  <i class=\"et-icon-profile-male grve-text-primary-2 grve-medium\"><\/i>  <\/div>  <div class=\"grve-counter-content\">    <div class=\"grve-counter-item grve-h1 grve-text-primary-1 grve-increase-heading grve-heading-140\">      <span data-thousands-separator-vis=\"\" data-thousands-separator=\",\" data-prefix=\"\" data-suffix=\"\" data-start-val=\"0\" data-end-val=\"80\" data-decimal-points=\"0\" data-decimal-separator=\".\" >0<\/span>    <\/div>\t<h3 class=\"grve-counter-title grve-h3\">Tourism Sector Workers Trained<\/h3>  <\/div><\/div>[\/vc_column_inner][vc_column_inner width=\u00bb1\/3&#8243;]<div class=\"grve-element grve-counter grve-align-center grve-animated-item grve-fade-in-up grve-duration-normal\" style=\"\" data-delay=\"200\">  <div class=\"grve-counter-icon\">  <i class=\"et-icon-profile-male grve-text-primary-2 grve-medium\"><\/i>  <\/div>  <div class=\"grve-counter-content\">    <div class=\"grve-counter-item grve-h1 grve-text-primary-1 grve-increase-heading grve-heading-140\">      <span data-thousands-separator-vis=\"\" data-thousands-separator=\",\" data-prefix=\"\" data-suffix=\"\" data-start-val=\"0\" data-end-val=\"80\" data-decimal-points=\"0\" data-decimal-separator=\".\" >0<\/span>    <\/div>\t<h3 class=\"grve-counter-title grve-h3\">Tourism Sector Workers Trained<\/h3>  <\/div><\/div>[\/vc_column_inner][vc_column_inner width=\u00bb1\/3&#8243;]<div class=\"grve-element grve-counter grve-align-center grve-animated-item grve-fade-in-up grve-duration-normal\" style=\"\" data-delay=\"200\">  <div class=\"grve-counter-icon\">  <i class=\"et-icon-profile-male grve-text-primary-2 grve-medium\"><\/i>  <\/div>  <div class=\"grve-counter-content\">    <div class=\"grve-counter-item grve-h1 grve-text-primary-1 grve-increase-heading grve-heading-140\">      <span data-thousands-separator-vis=\"\" data-thousands-separator=\",\" data-prefix=\"\" data-suffix=\"\" data-start-val=\"0\" data-end-val=\"80\" data-decimal-points=\"0\" data-decimal-separator=\".\" >0<\/span>    <\/div>\t<h3 class=\"grve-counter-title grve-h3\">Tourism Sector Workers Trained<\/h3>  <\/div><\/div>[\/vc_column_inner][\/vc_row_inner][\/vc_tta_section][vc_tta_section title=\u00bbSezione 2&#8243; tab_id=\u00bb1699011950064-fb19e031-b4cd\u00bb][\/vc_tta_section][\/vc_tta_tour][\/vc_column][\/vc_row]<\/p>\n<\/div>","protected":false},"excerpt":{"rendered":"<p>Lorem ipsum dolor sit amet, fierent invidunt eleifend an sea, sea at nonumes deserunt, cum in dictas maiorum consequat. Legere delicata sea eu, vix ei blandit forensibus. Ne qui posse munere molestiae, no has stet dolorum.<\/p>\n","protected":false},"author":1,"featured_media":18353,"parent":0,"menu_order":0,"comment_status":"closed","ping_status":"closed","template":"","meta":{"footnotes":""},"class_list":["post-18590","page","type-page","status-publish","has-post-thumbnail","hentry"],"yoast_head":"<!-- This site is optimized with the Yoast SEO plugin v26.6 - https:\/\/yoast.com\/wordpress\/plugins\/seo\/ -->\n<title>APLICACI\u00d3N TUR\u00cdSTICA MULTILING\u00dcE - START<\/title>\n<meta name=\"description\" content=\"La App tur\u00edstica multiling\u00fce \u00abSTART-APP \u00bb es una aplicaci\u00f3n innovadora que ofrece una forma inmersiva e interactiva de visitar lugares..\" \/>\n<meta name=\"robots\" content=\"index, follow, max-snippet:-1, max-image-preview:large, max-video-preview:-1\" \/>\n<link rel=\"canonical\" href=\"https:\/\/start.conform.it\/es\/multilingual-tourist-app\/\" \/>\n<meta property=\"og:locale\" content=\"es_ES\" \/>\n<meta property=\"og:type\" content=\"article\" \/>\n<meta property=\"og:title\" content=\"APLICACI\u00d3N TUR\u00cdSTICA MULTILING\u00dcE - START\" \/>\n<meta property=\"og:description\" content=\"La App tur\u00edstica multiling\u00fce \u00abSTART-APP \u00bb es una aplicaci\u00f3n innovadora que ofrece una forma inmersiva e interactiva de visitar lugares..\" \/>\n<meta property=\"og:url\" content=\"https:\/\/start.conform.it\/es\/multilingual-tourist-app\/\" \/>\n<meta property=\"og:site_name\" content=\"START\" \/>\n<meta property=\"article:modified_time\" content=\"2025-01-08T15:40:10+00:00\" \/>\n<meta property=\"og:image\" content=\"https:\/\/start.conform.it\/wp-content\/uploads\/2024\/11\/Multilingual-Tourist-App.webp\" \/>\n\t<meta property=\"og:image:width\" content=\"1920\" \/>\n\t<meta property=\"og:image:height\" content=\"400\" \/>\n\t<meta property=\"og:image:type\" content=\"image\/webp\" \/>\n<meta name=\"twitter:card\" content=\"summary_large_image\" \/>\n<meta name=\"twitter:label1\" content=\"Tiempo de lectura\" \/>\n\t<meta name=\"twitter:data1\" content=\"3 minutos\" \/>\n<script type=\"application\/ld+json\" class=\"yoast-schema-graph\">{\"@context\":\"https:\/\/schema.org\",\"@graph\":[{\"@type\":\"WebPage\",\"@id\":\"https:\/\/start.conform.it\/es\/multilingual-tourist-app\/\",\"url\":\"https:\/\/start.conform.it\/es\/multilingual-tourist-app\/\",\"name\":\"APLICACI\u00d3N TUR\u00cdSTICA MULTILING\u00dcE - START\",\"isPartOf\":{\"@id\":\"https:\/\/start.conform.it\/es\/#website\"},\"primaryImageOfPage\":{\"@id\":\"https:\/\/start.conform.it\/es\/multilingual-tourist-app\/#primaryimage\"},\"image\":{\"@id\":\"https:\/\/start.conform.it\/es\/multilingual-tourist-app\/#primaryimage\"},\"thumbnailUrl\":\"https:\/\/start.conform.it\/wp-content\/uploads\/2024\/11\/Multilingual-Tourist-App.webp\",\"datePublished\":\"2024-11-04T18:22:22+00:00\",\"dateModified\":\"2025-01-08T15:40:10+00:00\",\"description\":\"La App tur\u00edstica multiling\u00fce \u00abSTART-APP \u00bb es una aplicaci\u00f3n innovadora que ofrece una forma inmersiva e interactiva de visitar lugares..\",\"breadcrumb\":{\"@id\":\"https:\/\/start.conform.it\/es\/multilingual-tourist-app\/#breadcrumb\"},\"inLanguage\":\"es\",\"potentialAction\":[{\"@type\":\"ReadAction\",\"target\":[\"https:\/\/start.conform.it\/es\/multilingual-tourist-app\/\"]}]},{\"@type\":\"ImageObject\",\"inLanguage\":\"es\",\"@id\":\"https:\/\/start.conform.it\/es\/multilingual-tourist-app\/#primaryimage\",\"url\":\"https:\/\/start.conform.it\/wp-content\/uploads\/2024\/11\/Multilingual-Tourist-App.webp\",\"contentUrl\":\"https:\/\/start.conform.it\/wp-content\/uploads\/2024\/11\/Multilingual-Tourist-App.webp\",\"width\":1920,\"height\":400,\"caption\":\"Multilingual Tourist App\"},{\"@type\":\"BreadcrumbList\",\"@id\":\"https:\/\/start.conform.it\/es\/multilingual-tourist-app\/#breadcrumb\",\"itemListElement\":[{\"@type\":\"ListItem\",\"position\":1,\"name\":\"Home\",\"item\":\"https:\/\/start.conform.it\/es\/\"},{\"@type\":\"ListItem\",\"position\":2,\"name\":\"APLICACI\u00d3N TUR\u00cdSTICA MULTILING\u00dcE\"}]},{\"@type\":\"WebSite\",\"@id\":\"https:\/\/start.conform.it\/es\/#website\",\"url\":\"https:\/\/start.conform.it\/es\/\",\"name\":\"START\",\"description\":\"SUSTAINABLE AND TECHNOLOGICAL APPROACH TO RETHINK TOURISM\",\"potentialAction\":[{\"@type\":\"SearchAction\",\"target\":{\"@type\":\"EntryPoint\",\"urlTemplate\":\"https:\/\/start.conform.it\/es\/?s={search_term_string}\"},\"query-input\":{\"@type\":\"PropertyValueSpecification\",\"valueRequired\":true,\"valueName\":\"search_term_string\"}}],\"inLanguage\":\"es\"}]}<\/script>\n<!-- \/ Yoast SEO plugin. -->","yoast_head_json":{"title":"APLICACI\u00d3N TUR\u00cdSTICA MULTILING\u00dcE - START","description":"La App tur\u00edstica multiling\u00fce \u00abSTART-APP \u00bb es una aplicaci\u00f3n innovadora que ofrece una forma inmersiva e interactiva de visitar lugares..","robots":{"index":"index","follow":"follow","max-snippet":"max-snippet:-1","max-image-preview":"max-image-preview:large","max-video-preview":"max-video-preview:-1"},"canonical":"https:\/\/start.conform.it\/es\/multilingual-tourist-app\/","og_locale":"es_ES","og_type":"article","og_title":"APLICACI\u00d3N TUR\u00cdSTICA MULTILING\u00dcE - START","og_description":"La App tur\u00edstica multiling\u00fce \u00abSTART-APP \u00bb es una aplicaci\u00f3n innovadora que ofrece una forma inmersiva e interactiva de visitar lugares..","og_url":"https:\/\/start.conform.it\/es\/multilingual-tourist-app\/","og_site_name":"START","article_modified_time":"2025-01-08T15:40:10+00:00","og_image":[{"width":1920,"height":400,"url":"https:\/\/start.conform.it\/wp-content\/uploads\/2024\/11\/Multilingual-Tourist-App.webp","type":"image\/webp"}],"twitter_card":"summary_large_image","twitter_misc":{"Tiempo de lectura":"3 minutos"},"schema":{"@context":"https:\/\/schema.org","@graph":[{"@type":"WebPage","@id":"https:\/\/start.conform.it\/es\/multilingual-tourist-app\/","url":"https:\/\/start.conform.it\/es\/multilingual-tourist-app\/","name":"APLICACI\u00d3N TUR\u00cdSTICA MULTILING\u00dcE - START","isPartOf":{"@id":"https:\/\/start.conform.it\/es\/#website"},"primaryImageOfPage":{"@id":"https:\/\/start.conform.it\/es\/multilingual-tourist-app\/#primaryimage"},"image":{"@id":"https:\/\/start.conform.it\/es\/multilingual-tourist-app\/#primaryimage"},"thumbnailUrl":"https:\/\/start.conform.it\/wp-content\/uploads\/2024\/11\/Multilingual-Tourist-App.webp","datePublished":"2024-11-04T18:22:22+00:00","dateModified":"2025-01-08T15:40:10+00:00","description":"La App tur\u00edstica multiling\u00fce \u00abSTART-APP \u00bb es una aplicaci\u00f3n innovadora que ofrece una forma inmersiva e interactiva de visitar lugares..","breadcrumb":{"@id":"https:\/\/start.conform.it\/es\/multilingual-tourist-app\/#breadcrumb"},"inLanguage":"es","potentialAction":[{"@type":"ReadAction","target":["https:\/\/start.conform.it\/es\/multilingual-tourist-app\/"]}]},{"@type":"ImageObject","inLanguage":"es","@id":"https:\/\/start.conform.it\/es\/multilingual-tourist-app\/#primaryimage","url":"https:\/\/start.conform.it\/wp-content\/uploads\/2024\/11\/Multilingual-Tourist-App.webp","contentUrl":"https:\/\/start.conform.it\/wp-content\/uploads\/2024\/11\/Multilingual-Tourist-App.webp","width":1920,"height":400,"caption":"Multilingual Tourist App"},{"@type":"BreadcrumbList","@id":"https:\/\/start.conform.it\/es\/multilingual-tourist-app\/#breadcrumb","itemListElement":[{"@type":"ListItem","position":1,"name":"Home","item":"https:\/\/start.conform.it\/es\/"},{"@type":"ListItem","position":2,"name":"APLICACI\u00d3N TUR\u00cdSTICA MULTILING\u00dcE"}]},{"@type":"WebSite","@id":"https:\/\/start.conform.it\/es\/#website","url":"https:\/\/start.conform.it\/es\/","name":"START","description":"SUSTAINABLE AND TECHNOLOGICAL APPROACH TO RETHINK TOURISM","potentialAction":[{"@type":"SearchAction","target":{"@type":"EntryPoint","urlTemplate":"https:\/\/start.conform.it\/es\/?s={search_term_string}"},"query-input":{"@type":"PropertyValueSpecification","valueRequired":true,"valueName":"search_term_string"}}],"inLanguage":"es"}]}},"_links":{"self":[{"href":"https:\/\/start.conform.it\/es\/wp-json\/wp\/v2\/pages\/18590","targetHints":{"allow":["GET"]}}],"collection":[{"href":"https:\/\/start.conform.it\/es\/wp-json\/wp\/v2\/pages"}],"about":[{"href":"https:\/\/start.conform.it\/es\/wp-json\/wp\/v2\/types\/page"}],"author":[{"embeddable":true,"href":"https:\/\/start.conform.it\/es\/wp-json\/wp\/v2\/users\/1"}],"replies":[{"embeddable":true,"href":"https:\/\/start.conform.it\/es\/wp-json\/wp\/v2\/comments?post=18590"}],"version-history":[{"count":3,"href":"https:\/\/start.conform.it\/es\/wp-json\/wp\/v2\/pages\/18590\/revisions"}],"predecessor-version":[{"id":18647,"href":"https:\/\/start.conform.it\/es\/wp-json\/wp\/v2\/pages\/18590\/revisions\/18647"}],"wp:featuredmedia":[{"embeddable":true,"href":"https:\/\/start.conform.it\/es\/wp-json\/wp\/v2\/media\/18353"}],"wp:attachment":[{"href":"https:\/\/start.conform.it\/es\/wp-json\/wp\/v2\/media?parent=18590"}],"curies":[{"name":"wp","href":"https:\/\/api.w.org\/{rel}","templated":true}]}}