{"id":18571,"date":"2024-09-15T12:46:15","date_gmt":"2024-09-15T12:46:15","guid":{"rendered":"https:\/\/start.conform.it\/educational-programme\/"},"modified":"2024-12-01T12:21:20","modified_gmt":"2024-12-01T12:21:20","slug":"educational-programme","status":"publish","type":"page","link":"https:\/\/start.conform.it\/es\/educational-programme\/","title":{"rendered":"PROGRAMA EDUCATIVO"},"content":{"rendered":"<div class=\"wpb-content-wrapper\"><p>[vc_row padding_top_multiplier=\u00bb3x\u00bb padding_bottom_multiplier=\u00bb\u00bb][vc_column]<style type=\"text\/css\">.grve-title-gradient.grve-title-69e7eb4aa368c > span,.grve-title-gradient.grve-title-69e7eb4aa368c .grve-clipping-content > span {color: #2b4f9d;background-image: -moz-linear-gradient(-45deg, #2b4f9d 0%, #35b9c5 100%);background-image: -webkit-linear-gradient(-45deg, #2b4f9d 0%, #35b9c5 100%);background-image: linear-gradient(135deg, #2b4f9d 0%, #35b9c5 100%);}<\/style><h3 class=\"grve-element grve-title grve-align-center grve-animated-item grve-duration-normal grve-fade-in-up grve-h6 grve-title-gradient grve-title-69e7eb4aa368c\" style=\"\" data-delay=\"400\"><span><br>\n<h4>Bienvenido a bordo del Programa Educativo Start<\/h4>\n<\/span><\/h3><div class=\"grve-element grve-divider grve-animated-item grve-fade-in-up grve-duration-normal grve-align-center\" style=\"\" data-delay=\"200\"><span class=\"grve-custom-divider grve-bg-primary-1\" style=\"width: 50px;height: 2px;\"><\/span><\/div><div class=\"grve-empty-space grve-height-1x\" style=\"\"><\/div>[vc_column_text css=\u00bb\u00bb animation=\u00bbgrve-fade-in-down\u00bb animation_delay=\u00bb0&#8243;]<\/p>\n<p style=\"text-align: justify;\"><strong>El Programa Educativo START<\/strong> es un entorno de aprendizaje interactivo que acompa\u00f1a a los trabajadores de PYMEs en un viaje de concienciaci\u00f3n sobre los desaf\u00edos de la sostenibilidad y la digitalizaci\u00f3n en el sector tur\u00edstico. A trav\u00e9s de una interfaz simple e intuitiva, <strong>puedes acceder a:<\/strong><\/p>\n<p>[\/vc_column_text]<div class=\"grve-empty-space grve-height-1x\" style=\"\"><\/div>[\/vc_column][\/vc_row][vc_row padding_top_multiplier=\u00bb\u00bb][vc_column width=\u00bb1\/3&#8243;]<div class=\"grve-element grve-image grve-align-center\" style=\"\">  <div class=\"grve-image-wrapper\"><img loading=\"lazy\" decoding=\"async\" width=\"800\" height=\"800\" src=\"https:\/\/start.conform.it\/wp-content\/uploads\/2024\/09\/educational-programme.webp\" class=\"attachment-full size-full\" alt=\"educational-programme\" srcset=\"https:\/\/start.conform.it\/wp-content\/uploads\/2024\/09\/educational-programme.webp 800w, https:\/\/start.conform.it\/wp-content\/uploads\/2024\/09\/educational-programme-300x300.webp 300w, https:\/\/start.conform.it\/wp-content\/uploads\/2024\/09\/educational-programme-150x150.webp 150w, https:\/\/start.conform.it\/wp-content\/uploads\/2024\/09\/educational-programme-768x768.webp 768w, https:\/\/start.conform.it\/wp-content\/uploads\/2024\/09\/educational-programme-560x560.webp 560w\" sizes=\"auto, (max-width: 800px) 100vw, 800px\" \/>   <\/div><\/div><div class=\"grve-empty-space grve-height-1x\" style=\"\"><\/div>[\/vc_column][vc_column width=\u00bb2\/3&#8243;][vc_column_text css=\u00bb\u00bb animation=\u00bbgrve-fade-in-left\u00bb animation_delay=\u00bb0&#8243;]<\/p>\n<ul>\n<li><strong>10 OER (Recursos Educativos Abiertos)<\/strong> en forma de p\u00edldoras de microentrenamiento interactivas y un <strong>Metaverso<\/strong>, desarrollados por la alianza, para adquirir competencias verdes y digitales fundamentales para la competitividad en el sector tur\u00edstico.<\/li>\n<li><strong>Entrevistas<\/strong> de representantes de la alianza y expertos del sector sobre temas de sostenibilidad y digitalizaci\u00f3n en turismo.<\/li>\n<li><strong>Casos de estudio y buenas pr\u00e1ctica<\/strong>s relacionadas con procesos de transici\u00f3n sostenible y digital implementados en instalaciones tur\u00edsticas.<\/li>\n<li><strong>Escenarios con ramas narrativas,<\/strong> contextualizados en la realidad operativa de un hotel y una agencia de viajes, permitiendo a los participantes probarse en simulaciones ligeras, interactivas y atractivas.<br \/>\n\u25cf <strong>Toolkit de infusi\u00f3n de tecnolog\u00eda verde<\/strong>, como herramienta para guiar a los trabajadores del sector en an\u00e1lisis organizacionales para repensar modelos de negocio en clave circular y digital, innovando la oferta de productos\/servicios tur\u00edsticos.<\/li>\n<\/ul>\n<p>[\/vc_column_text][\/vc_column][\/vc_row][vc_row bg_type=\u00bbcolor\u00bb padding_top_multiplier=\u00bb2x\u00bb bg_color=\u00bb#2b4f9d\u00bb][vc_column width=\u00bb1\/3&#8243;]<div class=\"grve-element grve-align-center grve-animated-item grve-fade-in-down grve-duration-normal grve-fluid-button\" data-delay=\"250\"><a href=\"#educational-programme\" class=\"grve-btn grve-btn-medium grve-square grve-bg-white grve-bg-hover-blue grve-btn-line\" style=\"max-width: 280px;\"><span>ACCESO AL PROGRAMA EDUCATIVO<\/span><\/a><\/div><div class=\"grve-empty-space grve-height-1x\" style=\"\"><\/div>[\/vc_column][vc_column width=\u00bb1\/3&#8243;]<div class=\"grve-element grve-align-center grve-animated-item grve-fade-in-down grve-duration-normal grve-fluid-button\" data-delay=\"300\"><a href=\"#interview\" class=\"grve-btn grve-btn-medium grve-square grve-bg-white grve-bg-hover-blue grve-btn-line grve-modal-popup\" style=\"max-width: 280px;\"><span>VER LA ENTREVISTA<\/span><\/a><\/div><div class=\"grve-empty-space grve-height-1x\" style=\"\"><\/div>[\/vc_column][vc_column width=\u00bb1\/3&#8243;]<div class=\"grve-element grve-align-center grve-animated-item grve-fade-in-down grve-duration-normal grve-fluid-button\" data-delay=\"350\"><a href=\"https:\/\/www.spatial.io\/s\/START-Environment-655b82d2ab8a9bf0322ab289?share=364251703495212914\" target=\"_blank\" rel=\"noopener noreferrer\" class=\"grve-btn grve-btn-medium grve-square grve-bg-white grve-bg-hover-blue grve-btn-line\" style=\"max-width: 280px;\"><span>ACCESO AL START METAVERSO<\/span><\/a><\/div><div class=\"grve-empty-space grve-height-1x\" style=\"\"><\/div>[\/vc_column][\/vc_row][vc_row heading_color=\u00bblight\u00bb padding_top_multiplier=\u00bb2x\u00bb padding_bottom_multiplier=\u00bb3x\u00bb scroll_header_style=\u00bbdefault\u00bb section_id=\u00bbeducational-programme\u00bb][vc_column]<style type=\"text\/css\">.grve-title-gradient.grve-title-69e7eb4aa3daf > span,.grve-title-gradient.grve-title-69e7eb4aa3daf .grve-clipping-content > span {color: #2b4f9d;background-image: -moz-linear-gradient(-45deg, #2b4f9d 0%, #2b4f9d 100%);background-image: -webkit-linear-gradient(-45deg, #2b4f9d 0%, #2b4f9d 100%);background-image: linear-gradient(135deg, #2b4f9d 0%, #2b4f9d 100%);}<\/style><h3 class=\"grve-element grve-title grve-align-center grve-animated-item grve-duration-normal grve-fade-in-up grve-h6 grve-title-gradient grve-title-69e7eb4aa3daf\" style=\"\" data-delay=\"400\"><span><br>\n<h4>Programa educativo<\/h4>\n<span class=\"grve-title-line grve-bg-primary-1\" style=\"width: 50px;height: 2px;\"><\/span><\/span><\/h3><div class=\"grve-empty-space grve-height-1x\" style=\"\"><\/div>[vc_column_text css=\u00bb.vc_custom_1732966232888{padding-top: 15px !important;}\u00bb animation=\u00bbgrve-fade-in-down\u00bb]<\/p>\n<p style=\"text-align: center;\"><strong>Para un uso completo y \u00f3ptimo del Programa Educativo, recomendamos registrarse en la plataforma de aprendizaje <a href=\"https:\/\/erudire.it\" target=\"_blank\" rel=\"noopener\"><span style=\"text-decoration: underline;\">Erudire e-learning platform<\/span><\/a><\/strong><\/p>\n<p style=\"text-align: center;\">Consulta la <span style=\"text-decoration: underline;\"><strong><a href=\"https:\/\/start.conform.it\/wp-content\/uploads\/2024\/09\/START_ErudirePlatform_TechnicalGuide.pdf\" target=\"_blank\" rel=\"noopener\">gu\u00eda<\/a><\/strong><\/span> en caso de necesitar ayuda<\/p>\n<p>[\/vc_column_text]<div class=\"grve-empty-space grve-height-1x\" style=\"\"><\/div>[vc_row_inner disable_element=\u00bbyes\u00bb][vc_column_inner width=\u00bb1\/3&#8243;][\/vc_column_inner][vc_column_inner width=\u00bb1\/3&#8243;]<div class=\"grve-element grve-align-center grve-animated-item grve-zoom-in grve-duration-normal grve-fluid-button\" data-delay=\"200\"><a href=\"https:\/\/erudire.it\/\" target=\"_blank\" rel=\"noopener noreferrer\" class=\"grve-btn grve-btn-medium grve-square grve-bg-primary-1 grve-bg-hover-primary-1 grve-btn-line\" style=\"max-width: 280px;\"><span>Access the platform<\/span><\/a><\/div><div class=\"grve-empty-space grve-height-1x\" style=\"\"><\/div>[\/vc_column_inner][vc_column_inner width=\u00bb1\/3&#8243;][\/vc_column_inner][\/vc_row_inner][vc_row_inner][vc_column_inner][vc_column_text css=\u00bb\u00bb]<\/p>\n<div style=\"width: 100%;\">\n<div style=\"position: relative; padding-bottom: 56.25%; padding-top: 0; height: 0;\"><iframe loading=\"lazy\" style=\"position: absolute; top: 0; left: 0; width: 100%; height: 100%;\" title=\"START - ES\" src=\"https:\/\/view.genially.com\/66f122df98f52fd9d96874c6\" width=\"1280\" height=\"720\" frameborder=\"0\" scrolling=\"yes\" allowfullscreen=\"allowfullscreen\"><\/iframe><\/div>\n<\/div>\n<p>[\/vc_column_text]<div class=\"grve-empty-space grve-height-1x\" style=\"\"><\/div>[\/vc_column_inner][\/vc_row_inner]<div class=\"grve-empty-space grve-height-1x\" style=\"\"><\/div>[\/vc_column][\/vc_row][vc_row bg_type=\u00bbgradient\u00bb padding_top_multiplier=\u00bb\u00bb padding_bottom_multiplier=\u00bb\u00bb section_id=\u00bb#modal-01&#8243;][vc_column css=\u00bb.vc_custom_1674834831502{background-color: #1e73be !important;background-position: center !important;background-repeat: no-repeat !important;background-size: cover !important;}\u00bb]\t\t\t<div class=\"grve-modal-element mfp-hide\" id=\"interview\">\r\n\t\t\t\t<div class=\"grve-section\">\r\n\t\t\t\t\t<div class=\"grve-container\">\r\n\t\t\t\t\t\t<div class=\"grve-row grve-columns-gap-30\">\r\n\t\t\t\t\t\t\t<div class=\"grve-column grve-column-1\">\r\n\t\t\t\t\t\t\t<div class=\"grve-empty-space grve-height-2x\" style=\"\"><\/div><div class=\"grve-empty-space grve-height-1x\" style=\"\"><\/div>[vc_row_inner][vc_column_inner]<div class=\"grve-element grve-video\" style=\"\"><iframe loading=\"lazy\" title=\"START&#039;s interactive, immersive and gamified Educational Resources to address the challenges of tourism with new i\" src=\"https:\/\/player.vimeo.com\/video\/990054004?dnt=1&amp;app_id=122963\" width=\"1080\" height=\"608\" frameborder=\"0\" allow=\"autoplay; fullscreen; picture-in-picture; clipboard-write\"><\/iframe><\/div><div class=\"grve-empty-space grve-height-2x\" style=\"\"><\/div>[\/vc_column_inner][\/vc_row_inner]\t\t\t\t\t\t\t<\/div>\r\n\t\t\t\t\t\t<\/div>\r\n\t\t\t\t\t<\/div>\r\n\t\t\t\t<\/div>\r\n\t\t\t<\/div>\r\n\t\t[\/vc_column][\/vc_row][vc_row heading_color=\u00bblight\u00bb disable_element=\u00bbyes\u00bb bg_type=\u00bbimage\u00bb bg_image=\u00bb16815&#8243; bg_image_type=\u00bbparallax\u00bb color_overlay=\u00bbprimary-2&#8243; opacity_overlay=\u00bb70&#8243; padding_top_multiplier=\u00bb6x\u00bb padding_bottom_multiplier=\u00bb6x\u00bb parallax_sensor=\u00bb550&#8243; font_color=\u00bb#ffffff\u00bb section_id=\u00bbnewsletters\u00bb][vc_column width=\u00bb1\/6&#8243;][\/vc_column][vc_column width=\u00bb2\/3&#8243;][vc_row_inner][vc_column_inner width=\u00bb1\/12&#8243;][\/vc_column_inner][vc_column_inner width=\u00bb5\/12&#8243;]<div class=\"grve-element grve-align-center grve-fluid-button\"><a href=\"https:\/\/start.conform.it\/wp-content\/uploads\/2023\/11\/WP2_R1_START_FinalVersion.pdf\" target=\"_blank\" rel=\"noopener noreferrer\" class=\"grve-btn grve-btn-medium grve-square grve-bg-primary-1 grve-bg-hover-primary-2\" style=\"max-width: 250px;\"><span>THE RESEARCH PAPER<\/span><\/a><\/div><div class=\"grve-empty-space\" style=\"height: 20px;\"><\/div>[\/vc_column_inner][vc_column_inner width=\u00bb5\/12&#8243;]<div class=\"grve-element grve-align-center grve-fluid-button\"><a href=\"https:\/\/start.conform.it\/wp-content\/uploads\/2024\/01\/Start_Training-Programme_Abstract_EN.pdf\" target=\"_blank\" rel=\"noopener noreferrer\" class=\"grve-btn grve-btn-medium grve-square grve-bg-primary-1 grve-bg-hover-primary-2\" style=\"max-width: 250px;\"><span>THE ABSTRACT<\/span><\/a><\/div>[\/vc_column_inner][vc_column_inner width=\u00bb1\/12&#8243;][\/vc_column_inner][\/vc_row_inner]<h3 class=\"grve-element grve-title grve-align-center grve-h6\" style=\"\"><span><br>\n<h1>Newsletters<\/h1>\n<span class=\"grve-title-line grve-bg-white\" style=\"width: 50px;height: 2px;\"><\/span><\/span><\/h3>[vc_column_text]<\/p>\n<p style=\"text-align: center;\">In this section you can download the newsletters that contains information on project activities.<\/p>\n<p>[\/vc_column_text][\/vc_column][vc_column width=\u00bb1\/6&#8243;][\/vc_column][\/vc_row][vc_row heading_color=\u00bblight\u00bb disable_element=\u00bbyes\u00bb section_type=\u00bbfullwidth\u00bb bg_type=\u00bbimage\u00bb bg_image=\u00bb16749&#8243; padding_top_multiplier=\u00bb\u00bb padding_bottom_multiplier=\u00bb\u00bb columns_gap=\u00bbnone\u00bb equal_column_height=\u00bbequal-column\u00bb parallax_style=\u00bbvcpb-default\u00bb bg_image_new=\u00bbid^16749|url^https:\/\/start.conform.it\/wp-content\/uploads\/2023\/05\/Communication.webp|caption^Communication|alt^Communication|title^Communication|description^Communication\u00bb font_color=\u00bb#ffffff\u00bb][vc_column width=\u00bb1\/2&#8243; css=\u00bb.vc_custom_1507880751781{padding: 14% !important;}\u00bb]<h3 class=\"grve-element grve-title grve-align-left grve-h5\" style=\"\"><span>Eos solum doming ornatus.<\/span><\/h3><h3 class=\"grve-element grve-title grve-align-left grve-small-text\" style=\"margin-bottom: 18px;\"><span><span style=\"color: #000000;\">Situation extremely<\/span><\/span><\/h3>[\/vc_column][vc_column width=\u00bb1\/2&#8243; css=\u00bb.vc_custom_1699009720039{padding-top: 14% !important;padding-right: 14% !important;padding-bottom: 14% !important;padding-left: 14% !important;}\u00bb]<h3 class=\"grve-element grve-title grve-align-left grve-h5\" style=\"\"><span>Eos solum doming ornatus.<\/span><\/h3>[vc_column_text]You one delay nor begin our folly abode. By disposed replying mr me unpacked no. As moonlight of my resolving unwilling. [\/vc_column_text][\/vc_column][\/vc_row][vc_row disable_element=\u00bbyes\u00bb][vc_column]<div class=\"grve-element grve-slogan grve-align-left grve-animated-item grve-fade-in-down grve-duration-normal\" style=\"\" data-delay=\"400\"><div class=\"grve-btn-wrapper\"><a href=\"https:\/\/start.conform.it\/wp-content\/uploads\/2023\/05\/01-The-impact-of-digitalisation-on-the-tourism-sector-transforming-the-way-we-travel.pdf\" target=\"_blank\" rel=\"noopener noreferrer\" class=\"grve-btn grve-btn-extralarge grve-square grve-bg-primary-1 grve-bg-hover-primary-1 grve-btn-line\"><span><i class=\"fas fa-search-plus\"><\/i>Read More<\/span><\/a><\/div><\/div>[vc_tta_tour][vc_tta_section i_icon_fontawesome=\u00bbfar fa-paper-plane\u00bb add_icon=\u00bbtrue\u00bb title=\u00bbNewsletter\u00bb tab_id=\u00bb1699011948224-08403114-c3e9&#8243;][vc_row_inner][vc_column_inner width=\u00bb1\/3&#8243;]<div class=\"grve-element grve-counter grve-align-center grve-animated-item grve-fade-in-up grve-duration-normal\" style=\"\" data-delay=\"200\">  <div class=\"grve-counter-icon\">  <i class=\"et-icon-profile-male grve-text-primary-2 grve-medium\"><\/i>  <\/div>  <div class=\"grve-counter-content\">    <div class=\"grve-counter-item grve-h1 grve-text-primary-1 grve-increase-heading grve-heading-140\">      <span data-thousands-separator-vis=\"\" data-thousands-separator=\",\" data-prefix=\"\" data-suffix=\"\" data-start-val=\"0\" data-end-val=\"80\" data-decimal-points=\"0\" data-decimal-separator=\".\" >0<\/span>    <\/div>\t<h3 class=\"grve-counter-title grve-h3\">Tourism Sector Workers Trained<\/h3>  <\/div><\/div>[\/vc_column_inner][vc_column_inner width=\u00bb1\/3&#8243;]<div class=\"grve-element grve-counter grve-align-center grve-animated-item grve-fade-in-up grve-duration-normal\" style=\"\" data-delay=\"200\">  <div class=\"grve-counter-icon\">  <i class=\"et-icon-profile-male grve-text-primary-2 grve-medium\"><\/i>  <\/div>  <div class=\"grve-counter-content\">    <div class=\"grve-counter-item grve-h1 grve-text-primary-1 grve-increase-heading grve-heading-140\">      <span data-thousands-separator-vis=\"\" data-thousands-separator=\",\" data-prefix=\"\" data-suffix=\"\" data-start-val=\"0\" data-end-val=\"80\" data-decimal-points=\"0\" data-decimal-separator=\".\" >0<\/span>    <\/div>\t<h3 class=\"grve-counter-title grve-h3\">Tourism Sector Workers Trained<\/h3>  <\/div><\/div>[\/vc_column_inner][vc_column_inner width=\u00bb1\/3&#8243;]<div class=\"grve-element grve-counter grve-align-center grve-animated-item grve-fade-in-up grve-duration-normal\" style=\"\" data-delay=\"200\">  <div class=\"grve-counter-icon\">  <i class=\"et-icon-profile-male grve-text-primary-2 grve-medium\"><\/i>  <\/div>  <div class=\"grve-counter-content\">    <div class=\"grve-counter-item grve-h1 grve-text-primary-1 grve-increase-heading grve-heading-140\">      <span data-thousands-separator-vis=\"\" data-thousands-separator=\",\" data-prefix=\"\" data-suffix=\"\" data-start-val=\"0\" data-end-val=\"80\" data-decimal-points=\"0\" data-decimal-separator=\".\" >0<\/span>    <\/div>\t<h3 class=\"grve-counter-title grve-h3\">Tourism Sector Workers Trained<\/h3>  <\/div><\/div>[\/vc_column_inner][\/vc_row_inner][\/vc_tta_section][vc_tta_section title=\u00bbSezione 2&#8243; tab_id=\u00bb1699011950064-fb19e031-b4cd\u00bb][\/vc_tta_section][\/vc_tta_tour][\/vc_column][\/vc_row]<\/p>\n<\/div>","protected":false},"excerpt":{"rendered":"<p>Lorem ipsum dolor sit amet, fierent invidunt eleifend an sea, sea at nonumes deserunt, cum in dictas maiorum consequat. Legere delicata sea eu, vix ei blandit forensibus. Ne qui posse munere molestiae, no has stet dolorum.<\/p>\n","protected":false},"author":1,"featured_media":18091,"parent":0,"menu_order":0,"comment_status":"closed","ping_status":"closed","template":"","meta":{"footnotes":""},"class_list":["post-18571","page","type-page","status-publish","has-post-thumbnail","hentry"],"yoast_head":"<!-- This site is optimized with the Yoast SEO plugin v26.6 - https:\/\/yoast.com\/wordpress\/plugins\/seo\/ -->\n<title>PROGRAMA EDUCATIVO - START<\/title>\n<meta name=\"description\" content=\"El Programa Educativo START es un entorno de aprendizaje interactivo que acompa\u00f1a a los trabajadores de PYMEs en un viaje de concienciaci\u00f3n..\" \/>\n<meta name=\"robots\" content=\"index, follow, max-snippet:-1, max-image-preview:large, max-video-preview:-1\" \/>\n<link rel=\"canonical\" href=\"https:\/\/start.conform.it\/es\/educational-programme\/\" \/>\n<meta property=\"og:locale\" content=\"es_ES\" \/>\n<meta property=\"og:type\" content=\"article\" \/>\n<meta property=\"og:title\" content=\"PROGRAMA EDUCATIVO - START\" \/>\n<meta property=\"og:description\" content=\"El Programa Educativo START es un entorno de aprendizaje interactivo que acompa\u00f1a a los trabajadores de PYMEs en un viaje de concienciaci\u00f3n..\" \/>\n<meta property=\"og:url\" content=\"https:\/\/start.conform.it\/es\/educational-programme\/\" \/>\n<meta property=\"og:site_name\" content=\"START\" \/>\n<meta property=\"article:modified_time\" content=\"2024-12-01T12:21:20+00:00\" \/>\n<meta property=\"og:image\" content=\"https:\/\/start.conform.it\/wp-content\/uploads\/2024\/09\/educational-programme-start.webp\" \/>\n\t<meta property=\"og:image:width\" content=\"1920\" \/>\n\t<meta property=\"og:image:height\" content=\"400\" \/>\n\t<meta property=\"og:image:type\" content=\"image\/webp\" \/>\n<meta name=\"twitter:card\" content=\"summary_large_image\" \/>\n<meta name=\"twitter:label1\" content=\"Tiempo de lectura\" \/>\n\t<meta name=\"twitter:data1\" content=\"4 minutos\" \/>\n<script type=\"application\/ld+json\" class=\"yoast-schema-graph\">{\"@context\":\"https:\/\/schema.org\",\"@graph\":[{\"@type\":\"WebPage\",\"@id\":\"https:\/\/start.conform.it\/es\/educational-programme\/\",\"url\":\"https:\/\/start.conform.it\/es\/educational-programme\/\",\"name\":\"PROGRAMA EDUCATIVO - START\",\"isPartOf\":{\"@id\":\"https:\/\/start.conform.it\/es\/#website\"},\"primaryImageOfPage\":{\"@id\":\"https:\/\/start.conform.it\/es\/educational-programme\/#primaryimage\"},\"image\":{\"@id\":\"https:\/\/start.conform.it\/es\/educational-programme\/#primaryimage\"},\"thumbnailUrl\":\"https:\/\/start.conform.it\/wp-content\/uploads\/2024\/09\/educational-programme-start.webp\",\"datePublished\":\"2024-09-15T12:46:15+00:00\",\"dateModified\":\"2024-12-01T12:21:20+00:00\",\"description\":\"El Programa Educativo START es un entorno de aprendizaje interactivo que acompa\u00f1a a los trabajadores de PYMEs en un viaje de concienciaci\u00f3n..\",\"breadcrumb\":{\"@id\":\"https:\/\/start.conform.it\/es\/educational-programme\/#breadcrumb\"},\"inLanguage\":\"es\",\"potentialAction\":[{\"@type\":\"ReadAction\",\"target\":[\"https:\/\/start.conform.it\/es\/educational-programme\/\"]}]},{\"@type\":\"ImageObject\",\"inLanguage\":\"es\",\"@id\":\"https:\/\/start.conform.it\/es\/educational-programme\/#primaryimage\",\"url\":\"https:\/\/start.conform.it\/wp-content\/uploads\/2024\/09\/educational-programme-start.webp\",\"contentUrl\":\"https:\/\/start.conform.it\/wp-content\/uploads\/2024\/09\/educational-programme-start.webp\",\"width\":1920,\"height\":400,\"caption\":\"educational programme\"},{\"@type\":\"BreadcrumbList\",\"@id\":\"https:\/\/start.conform.it\/es\/educational-programme\/#breadcrumb\",\"itemListElement\":[{\"@type\":\"ListItem\",\"position\":1,\"name\":\"Home\",\"item\":\"https:\/\/start.conform.it\/es\/\"},{\"@type\":\"ListItem\",\"position\":2,\"name\":\"PROGRAMA EDUCATIVO\"}]},{\"@type\":\"WebSite\",\"@id\":\"https:\/\/start.conform.it\/es\/#website\",\"url\":\"https:\/\/start.conform.it\/es\/\",\"name\":\"START\",\"description\":\"SUSTAINABLE AND TECHNOLOGICAL APPROACH TO RETHINK TOURISM\",\"potentialAction\":[{\"@type\":\"SearchAction\",\"target\":{\"@type\":\"EntryPoint\",\"urlTemplate\":\"https:\/\/start.conform.it\/es\/?s={search_term_string}\"},\"query-input\":{\"@type\":\"PropertyValueSpecification\",\"valueRequired\":true,\"valueName\":\"search_term_string\"}}],\"inLanguage\":\"es\"}]}<\/script>\n<!-- \/ Yoast SEO plugin. -->","yoast_head_json":{"title":"PROGRAMA EDUCATIVO - START","description":"El Programa Educativo START es un entorno de aprendizaje interactivo que acompa\u00f1a a los trabajadores de PYMEs en un viaje de concienciaci\u00f3n..","robots":{"index":"index","follow":"follow","max-snippet":"max-snippet:-1","max-image-preview":"max-image-preview:large","max-video-preview":"max-video-preview:-1"},"canonical":"https:\/\/start.conform.it\/es\/educational-programme\/","og_locale":"es_ES","og_type":"article","og_title":"PROGRAMA EDUCATIVO - START","og_description":"El Programa Educativo START es un entorno de aprendizaje interactivo que acompa\u00f1a a los trabajadores de PYMEs en un viaje de concienciaci\u00f3n..","og_url":"https:\/\/start.conform.it\/es\/educational-programme\/","og_site_name":"START","article_modified_time":"2024-12-01T12:21:20+00:00","og_image":[{"width":1920,"height":400,"url":"https:\/\/start.conform.it\/wp-content\/uploads\/2024\/09\/educational-programme-start.webp","type":"image\/webp"}],"twitter_card":"summary_large_image","twitter_misc":{"Tiempo de lectura":"4 minutos"},"schema":{"@context":"https:\/\/schema.org","@graph":[{"@type":"WebPage","@id":"https:\/\/start.conform.it\/es\/educational-programme\/","url":"https:\/\/start.conform.it\/es\/educational-programme\/","name":"PROGRAMA EDUCATIVO - START","isPartOf":{"@id":"https:\/\/start.conform.it\/es\/#website"},"primaryImageOfPage":{"@id":"https:\/\/start.conform.it\/es\/educational-programme\/#primaryimage"},"image":{"@id":"https:\/\/start.conform.it\/es\/educational-programme\/#primaryimage"},"thumbnailUrl":"https:\/\/start.conform.it\/wp-content\/uploads\/2024\/09\/educational-programme-start.webp","datePublished":"2024-09-15T12:46:15+00:00","dateModified":"2024-12-01T12:21:20+00:00","description":"El Programa Educativo START es un entorno de aprendizaje interactivo que acompa\u00f1a a los trabajadores de PYMEs en un viaje de concienciaci\u00f3n..","breadcrumb":{"@id":"https:\/\/start.conform.it\/es\/educational-programme\/#breadcrumb"},"inLanguage":"es","potentialAction":[{"@type":"ReadAction","target":["https:\/\/start.conform.it\/es\/educational-programme\/"]}]},{"@type":"ImageObject","inLanguage":"es","@id":"https:\/\/start.conform.it\/es\/educational-programme\/#primaryimage","url":"https:\/\/start.conform.it\/wp-content\/uploads\/2024\/09\/educational-programme-start.webp","contentUrl":"https:\/\/start.conform.it\/wp-content\/uploads\/2024\/09\/educational-programme-start.webp","width":1920,"height":400,"caption":"educational programme"},{"@type":"BreadcrumbList","@id":"https:\/\/start.conform.it\/es\/educational-programme\/#breadcrumb","itemListElement":[{"@type":"ListItem","position":1,"name":"Home","item":"https:\/\/start.conform.it\/es\/"},{"@type":"ListItem","position":2,"name":"PROGRAMA EDUCATIVO"}]},{"@type":"WebSite","@id":"https:\/\/start.conform.it\/es\/#website","url":"https:\/\/start.conform.it\/es\/","name":"START","description":"SUSTAINABLE AND TECHNOLOGICAL APPROACH TO RETHINK TOURISM","potentialAction":[{"@type":"SearchAction","target":{"@type":"EntryPoint","urlTemplate":"https:\/\/start.conform.it\/es\/?s={search_term_string}"},"query-input":{"@type":"PropertyValueSpecification","valueRequired":true,"valueName":"search_term_string"}}],"inLanguage":"es"}]}},"_links":{"self":[{"href":"https:\/\/start.conform.it\/es\/wp-json\/wp\/v2\/pages\/18571","targetHints":{"allow":["GET"]}}],"collection":[{"href":"https:\/\/start.conform.it\/es\/wp-json\/wp\/v2\/pages"}],"about":[{"href":"https:\/\/start.conform.it\/es\/wp-json\/wp\/v2\/types\/page"}],"author":[{"embeddable":true,"href":"https:\/\/start.conform.it\/es\/wp-json\/wp\/v2\/users\/1"}],"replies":[{"embeddable":true,"href":"https:\/\/start.conform.it\/es\/wp-json\/wp\/v2\/comments?post=18571"}],"version-history":[{"count":2,"href":"https:\/\/start.conform.it\/es\/wp-json\/wp\/v2\/pages\/18571\/revisions"}],"predecessor-version":[{"id":18573,"href":"https:\/\/start.conform.it\/es\/wp-json\/wp\/v2\/pages\/18571\/revisions\/18573"}],"wp:featuredmedia":[{"embeddable":true,"href":"https:\/\/start.conform.it\/es\/wp-json\/wp\/v2\/media\/18091"}],"wp:attachment":[{"href":"https:\/\/start.conform.it\/es\/wp-json\/wp\/v2\/media?parent=18571"}],"curies":[{"name":"wp","href":"https:\/\/api.w.org\/{rel}","templated":true}]}}