{"id":17672,"date":"2023-11-29T09:27:09","date_gmt":"2023-11-29T09:27:09","guid":{"rendered":"https:\/\/start.conform.it\/training-programme\/"},"modified":"2025-02-06T17:27:01","modified_gmt":"2025-02-06T17:27:01","slug":"training-programme","status":"publish","type":"page","link":"https:\/\/start.conform.it\/es\/training-programme\/","title":{"rendered":"PROGRAMA DE FORMACI\u00d3N"},"content":{"rendered":"<div class=\"wpb-content-wrapper\"><p>[vc_row padding_top_multiplier=\u00bb3x\u00bb padding_bottom_multiplier=\u00bb\u00bb][vc_column]<style type=\"text\/css\">.grve-title-gradient.grve-title-69df04168a9d9 > span,.grve-title-gradient.grve-title-69df04168a9d9 .grve-clipping-content > span {color: #2b4f9d;background-image: -moz-linear-gradient(-45deg, #2b4f9d 0%, #35b9c5 100%);background-image: -webkit-linear-gradient(-45deg, #2b4f9d 0%, #35b9c5 100%);background-image: linear-gradient(135deg, #2b4f9d 0%, #35b9c5 100%);}<\/style><h3 class=\"grve-element grve-title grve-align-center grve-animated-item grve-duration-normal grve-fade-in-up grve-h6 grve-title-gradient grve-title-69df04168a9d9\" style=\"\" data-delay=\"400\"><span><br>\n<h4>Sumate al \u00e1rea del Programa de Formaci\u00f3n del Proyecto Start<\/h4>\n<\/span><\/h3><div class=\"grve-element grve-divider grve-animated-item grve-fade-in-up grve-duration-normal grve-align-center\" style=\"\" data-delay=\"200\"><span class=\"grve-custom-divider grve-bg-primary-1\" style=\"width: 50px;height: 2px;\"><\/span><\/div><div class=\"grve-empty-space grve-height-1x\" style=\"\"><\/div>[vc_column_text animation=\u00bbgrve-fade-in-down\u00bb animation_delay=\u00bb400&#8243;]<\/p>\n<p style=\"text-align: justify;\">El <strong>Programa de Formaci\u00f3n START<\/strong> crea una fuerte marea que impulsa a los trabajadores de las PYME a sumergirse en las corrientes de la transici\u00f3n ecol\u00f3gica y la transformaci\u00f3n digital. Como surfistas expertos, su objetivo es surfear estas olas, reevaluando sus funciones y responsabilidades con el apoyo de formadores que act\u00faan como agentes de cambio.<\/p>\n<p>[\/vc_column_text]<div class=\"grve-empty-space grve-height-1x\" style=\"\"><\/div>[\/vc_column][\/vc_row][vc_row padding_top_multiplier=\u00bb\u00bb padding_bottom_multiplier=\u00bb3x\u00bb][vc_column width=\u00bb1\/3&#8243;]<div class=\"grve-element grve-image grve-align-center\" style=\"\">  <div class=\"grve-image-wrapper\"><img loading=\"lazy\" decoding=\"async\" width=\"800\" height=\"800\" src=\"https:\/\/start.conform.it\/wp-content\/uploads\/2023\/11\/training-programme.webp\" class=\"attachment-full size-full\" alt=\"training-programme\" srcset=\"https:\/\/start.conform.it\/wp-content\/uploads\/2023\/11\/training-programme.webp 800w, https:\/\/start.conform.it\/wp-content\/uploads\/2023\/11\/training-programme-300x300.webp 300w, https:\/\/start.conform.it\/wp-content\/uploads\/2023\/11\/training-programme-150x150.webp 150w, https:\/\/start.conform.it\/wp-content\/uploads\/2023\/11\/training-programme-768x768.webp 768w, https:\/\/start.conform.it\/wp-content\/uploads\/2023\/11\/training-programme-560x560.webp 560w\" sizes=\"auto, (max-width: 800px) 100vw, 800px\" \/>   <\/div><\/div>[\/vc_column][vc_column width=\u00bb2\/3&#8243;]<div class=\"grve-empty-space grve-height-1x\" style=\"\"><\/div>[vc_column_text animation=\u00bbgrve-fade-in-down\u00bb animation_delay=\u00bb400&#8243;]<strong>El programa de formaci\u00f3n ha sido desarrollado por los socios a trav\u00e9s de dos actividades integradas:<\/strong><\/p>\n<ul>\n<li>the <strong>AN\u00c1LISIS DE LAS NECESIDADES BASADO ES UNA INVESTIGACI\u00d3N DOCUMENTAL<\/strong>, que actu\u00f3 como una br\u00fajula para orientar el dise\u00f1o del programa de formaci\u00f3n e identificar sus elementos esenciales;<\/li>\n<li>the <strong>AN\u00c1LISIS DE CAMPO<\/strong>, a trav\u00e9s de una serie de talleres de validaci\u00f3n con 50 trabajadores de PYMES, que crearon un din\u00e1mico remolino de participaci\u00f3n.<\/li>\n<\/ul>\n<p>Haga clic en los siguientes botones para descargar el <strong>documento de investigaci\u00f3n<\/strong> y el <strong>resumen<\/strong> del programa de formaci\u00f3n START[\/vc_column_text]<div class=\"grve-empty-space grve-height-1x\" style=\"\"><\/div>[vc_row_inner][vc_column_inner width=\u00bb1\/12&#8243;][\/vc_column_inner][vc_column_inner width=\u00bb5\/12&#8243;]<div class=\"grve-element grve-align-center grve-fluid-button\"><a href=\"https:\/\/start.conform.it\/wp-content\/uploads\/2023\/11\/WP2_R1_START_FinalVersion.pdf\" target=\"_blank\" rel=\"noopener noreferrer\" class=\"grve-btn grve-btn-medium grve-square grve-bg-primary-1 grve-bg-hover-primary-2\" style=\"max-width: 250px;\"><span>DOCUMENT DE INVESTIGACI\u00d3N<\/span><\/a><\/div><div class=\"grve-empty-space\" style=\"height: 20px;\"><\/div>[\/vc_column_inner][vc_column_inner width=\u00bb5\/12&#8243;]<div class=\"grve-element grve-align-center grve-fluid-button\"><a href=\"https:\/\/start.conform.it\/wp-content\/uploads\/2025\/02\/Start_Training-Programme_Abstract_ES.pdf\" target=\"_blank\" rel=\"noopener noreferrer\" class=\"grve-btn grve-btn-medium grve-square grve-bg-primary-1 grve-bg-hover-primary-2\" style=\"max-width: 250px;\"><span>RESUMEN<\/span><\/a><\/div>[\/vc_column_inner][vc_column_inner width=\u00bb1\/12&#8243;][\/vc_column_inner][\/vc_row_inner][\/vc_column][\/vc_row][vc_row heading_color=\u00bblight\u00bb bg_type=\u00bbcolor\u00bb padding_top_multiplier=\u00bb2x\u00bb padding_bottom_multiplier=\u00bb3x\u00bb scroll_header_style=\u00bbdefault\u00bb bg_color=\u00bb#1e73be\u00bb font_color=\u00bb#ffffff\u00bb][vc_column]<h3 class=\"grve-element grve-title grve-align-center grve-animated-item grve-duration-normal grve-fade-in-up grve-h6\" style=\"\" data-delay=\"400\"><span><br>\n<h4>No te pierdas la aventura: \u00a1dale al play ahora y sum\u00e9rgete en un mundo de emoci\u00f3n!<\/h4>\n<\/span><\/h3><div class=\"grve-empty-space grve-height-1x\" style=\"\"><\/div><div class=\"grve-element grve-video\" style=\"\"><iframe loading=\"lazy\" title=\"coming soon - Copia - Copia - Copia - Copia - Copia - Copia - Copia\" src=\"https:\/\/player.vimeo.com\/video\/869581059?dnt=1&amp;app_id=122963\" width=\"1080\" height=\"608\" frameborder=\"0\" allow=\"autoplay; fullscreen; picture-in-picture\"><\/iframe><\/div><div class=\"grve-empty-space grve-height-1x\" style=\"\"><\/div>[\/vc_column][\/vc_row][vc_row heading_color=\u00bblight\u00bb disable_element=\u00bbyes\u00bb bg_type=\u00bbimage\u00bb bg_image=\u00bb16815&#8243; bg_image_type=\u00bbparallax\u00bb color_overlay=\u00bbprimary-2&#8243; opacity_overlay=\u00bb70&#8243; padding_top_multiplier=\u00bb6x\u00bb padding_bottom_multiplier=\u00bb6x\u00bb parallax_sensor=\u00bb550&#8243; font_color=\u00bb#ffffff\u00bb section_id=\u00bbnewsletters\u00bb][vc_column width=\u00bb1\/6&#8243;][\/vc_column][vc_column width=\u00bb2\/3&#8243;]<h3 class=\"grve-element grve-title grve-align-center grve-h6\" style=\"\"><span><br>\n<h1>Newsletters<\/h1>\n<span class=\"grve-title-line grve-bg-white\" style=\"width: 50px;height: 2px;\"><\/span><\/span><\/h3>[vc_column_text]<\/p>\n<p style=\"text-align: center;\">In this section you can download the newsletters that contains information on project activities.<\/p>\n<p>[\/vc_column_text][\/vc_column][vc_column width=\u00bb1\/6&#8243;][\/vc_column][\/vc_row][vc_row heading_color=\u00bblight\u00bb disable_element=\u00bbyes\u00bb section_type=\u00bbfullwidth\u00bb bg_type=\u00bbimage\u00bb bg_image=\u00bb16749&#8243; padding_top_multiplier=\u00bb\u00bb padding_bottom_multiplier=\u00bb\u00bb columns_gap=\u00bbnone\u00bb equal_column_height=\u00bbequal-column\u00bb parallax_style=\u00bbvcpb-default\u00bb bg_image_new=\u00bbid^16749|url^https:\/\/start.conform.it\/wp-content\/uploads\/2023\/05\/Communication.webp|caption^Communication|alt^Communication|title^Communication|description^Communication\u00bb font_color=\u00bb#ffffff\u00bb][vc_column width=\u00bb1\/2&#8243; css=\u00bb.vc_custom_1507880751781{padding: 14% !important;}\u00bb]<h3 class=\"grve-element grve-title grve-align-left grve-h5\" style=\"\"><span>Eos solum doming ornatus.<\/span><\/h3><h3 class=\"grve-element grve-title grve-align-left grve-small-text\" style=\"margin-bottom: 18px;\"><span><span style=\"color: #000000;\">Situation extremely<\/span><\/span><\/h3>[\/vc_column][vc_column width=\u00bb1\/2&#8243; css=\u00bb.vc_custom_1699009720039{padding-top: 14% !important;padding-right: 14% !important;padding-bottom: 14% !important;padding-left: 14% !important;}\u00bb]<h3 class=\"grve-element grve-title grve-align-left grve-h5\" style=\"\"><span>Eos solum doming ornatus.<\/span><\/h3>[vc_column_text]You one delay nor begin our folly abode. By disposed replying mr me unpacked no. As moonlight of my resolving unwilling. [\/vc_column_text][\/vc_column][\/vc_row][vc_row disable_element=\u00bbyes\u00bb][vc_column]<div class=\"grve-element grve-slogan grve-align-left grve-animated-item grve-fade-in-down grve-duration-normal\" style=\"\" data-delay=\"400\"><div class=\"grve-btn-wrapper\"><a href=\"https:\/\/start.conform.it\/wp-content\/uploads\/2023\/05\/01-The-impact-of-digitalisation-on-the-tourism-sector-transforming-the-way-we-travel.pdf\" target=\"_blank\" rel=\"noopener noreferrer\" class=\"grve-btn grve-btn-extralarge grve-square grve-bg-primary-1 grve-bg-hover-primary-1 grve-btn-line\"><span><i class=\"fas fa-search-plus\"><\/i>Read More<\/span><\/a><\/div><\/div>[vc_tta_tour][vc_tta_section i_icon_fontawesome=\u00bbfar fa-paper-plane\u00bb add_icon=\u00bbtrue\u00bb title=\u00bbNewsletter\u00bb tab_id=\u00bb1699011948224-08403114-c3e9&#8243;][vc_row_inner][vc_column_inner width=\u00bb1\/3&#8243;]<div class=\"grve-element grve-counter grve-align-center grve-animated-item grve-fade-in-up grve-duration-normal\" style=\"\" data-delay=\"200\">  <div class=\"grve-counter-icon\">  <i class=\"et-icon-profile-male grve-text-primary-2 grve-medium\"><\/i>  <\/div>  <div class=\"grve-counter-content\">    <div class=\"grve-counter-item grve-h1 grve-text-primary-1 grve-increase-heading grve-heading-140\">      <span data-thousands-separator-vis=\"\" data-thousands-separator=\",\" data-prefix=\"\" data-suffix=\"\" data-start-val=\"0\" data-end-val=\"80\" data-decimal-points=\"0\" data-decimal-separator=\".\" >0<\/span>    <\/div>\t<h3 class=\"grve-counter-title grve-h3\">Tourism Sector Workers Trained<\/h3>  <\/div><\/div>[\/vc_column_inner][vc_column_inner width=\u00bb1\/3&#8243;]<div class=\"grve-element grve-counter grve-align-center grve-animated-item grve-fade-in-up grve-duration-normal\" style=\"\" data-delay=\"200\">  <div class=\"grve-counter-icon\">  <i class=\"et-icon-profile-male grve-text-primary-2 grve-medium\"><\/i>  <\/div>  <div class=\"grve-counter-content\">    <div class=\"grve-counter-item grve-h1 grve-text-primary-1 grve-increase-heading grve-heading-140\">      <span data-thousands-separator-vis=\"\" data-thousands-separator=\",\" data-prefix=\"\" data-suffix=\"\" data-start-val=\"0\" data-end-val=\"80\" data-decimal-points=\"0\" data-decimal-separator=\".\" >0<\/span>    <\/div>\t<h3 class=\"grve-counter-title grve-h3\">Tourism Sector Workers Trained<\/h3>  <\/div><\/div>[\/vc_column_inner][vc_column_inner width=\u00bb1\/3&#8243;]<div class=\"grve-element grve-counter grve-align-center grve-animated-item grve-fade-in-up grve-duration-normal\" style=\"\" data-delay=\"200\">  <div class=\"grve-counter-icon\">  <i class=\"et-icon-profile-male grve-text-primary-2 grve-medium\"><\/i>  <\/div>  <div class=\"grve-counter-content\">    <div class=\"grve-counter-item grve-h1 grve-text-primary-1 grve-increase-heading grve-heading-140\">      <span data-thousands-separator-vis=\"\" data-thousands-separator=\",\" data-prefix=\"\" data-suffix=\"\" data-start-val=\"0\" data-end-val=\"80\" data-decimal-points=\"0\" data-decimal-separator=\".\" >0<\/span>    <\/div>\t<h3 class=\"grve-counter-title grve-h3\">Tourism Sector Workers Trained<\/h3>  <\/div><\/div>[\/vc_column_inner][\/vc_row_inner][\/vc_tta_section][vc_tta_section title=\u00bbSezione 2&#8243; tab_id=\u00bb1699011950064-fb19e031-b4cd\u00bb][\/vc_tta_section][\/vc_tta_tour][\/vc_column][\/vc_row]<\/p>\n<\/div>","protected":false},"excerpt":{"rendered":"<p>Lorem ipsum dolor sit amet, fierent invidunt eleifend an sea, sea at nonumes deserunt, cum in dictas maiorum consequat. Legere delicata sea eu, vix ei blandit forensibus. Ne qui posse munere molestiae, no has stet dolorum.<\/p>\n","protected":false},"author":1,"featured_media":17547,"parent":0,"menu_order":0,"comment_status":"closed","ping_status":"closed","template":"","meta":{"footnotes":""},"class_list":["post-17672","page","type-page","status-publish","has-post-thumbnail","hentry"],"yoast_head":"<!-- This site is optimized with the Yoast SEO plugin v26.6 - https:\/\/yoast.com\/wordpress\/plugins\/seo\/ -->\n<title>PROGRAMA DE FORMACI\u00d3N -START<\/title>\n<meta name=\"description\" content=\"El Programa de Formaci\u00f3n START crea una fuerte marea que impulsa a los trabajadores de las PYME a sumergirse en las corrientes de la...\" \/>\n<meta name=\"robots\" content=\"index, follow, max-snippet:-1, max-image-preview:large, max-video-preview:-1\" \/>\n<link rel=\"canonical\" href=\"https:\/\/start.conform.it\/es\/training-programme\/\" \/>\n<meta property=\"og:locale\" content=\"es_ES\" \/>\n<meta property=\"og:type\" content=\"article\" \/>\n<meta property=\"og:title\" content=\"PROGRAMA DE FORMACI\u00d3N -START\" \/>\n<meta property=\"og:description\" content=\"El Programa de Formaci\u00f3n START crea una fuerte marea que impulsa a los trabajadores de las PYME a sumergirse en las corrientes de la...\" \/>\n<meta property=\"og:url\" content=\"https:\/\/start.conform.it\/es\/training-programme\/\" \/>\n<meta property=\"og:site_name\" content=\"START\" \/>\n<meta property=\"article:modified_time\" content=\"2025-02-06T17:27:01+00:00\" \/>\n<meta property=\"og:image\" content=\"https:\/\/start.conform.it\/wp-content\/uploads\/2023\/11\/training-programme-start.webp\" \/>\n\t<meta property=\"og:image:width\" content=\"1920\" \/>\n\t<meta property=\"og:image:height\" content=\"400\" \/>\n\t<meta property=\"og:image:type\" content=\"image\/webp\" \/>\n<meta name=\"twitter:card\" content=\"summary_large_image\" \/>\n<meta name=\"twitter:label1\" content=\"Tiempo de lectura\" \/>\n\t<meta name=\"twitter:data1\" content=\"3 minutos\" \/>\n<script type=\"application\/ld+json\" class=\"yoast-schema-graph\">{\"@context\":\"https:\/\/schema.org\",\"@graph\":[{\"@type\":\"WebPage\",\"@id\":\"https:\/\/start.conform.it\/es\/training-programme\/\",\"url\":\"https:\/\/start.conform.it\/es\/training-programme\/\",\"name\":\"PROGRAMA DE FORMACI\u00d3N -START\",\"isPartOf\":{\"@id\":\"https:\/\/start.conform.it\/es\/#website\"},\"primaryImageOfPage\":{\"@id\":\"https:\/\/start.conform.it\/es\/training-programme\/#primaryimage\"},\"image\":{\"@id\":\"https:\/\/start.conform.it\/es\/training-programme\/#primaryimage\"},\"thumbnailUrl\":\"https:\/\/start.conform.it\/wp-content\/uploads\/2023\/11\/training-programme-start.webp\",\"datePublished\":\"2023-11-29T09:27:09+00:00\",\"dateModified\":\"2025-02-06T17:27:01+00:00\",\"description\":\"El Programa de Formaci\u00f3n START crea una fuerte marea que impulsa a los trabajadores de las PYME a sumergirse en las corrientes de la...\",\"breadcrumb\":{\"@id\":\"https:\/\/start.conform.it\/es\/training-programme\/#breadcrumb\"},\"inLanguage\":\"es\",\"potentialAction\":[{\"@type\":\"ReadAction\",\"target\":[\"https:\/\/start.conform.it\/es\/training-programme\/\"]}]},{\"@type\":\"ImageObject\",\"inLanguage\":\"es\",\"@id\":\"https:\/\/start.conform.it\/es\/training-programme\/#primaryimage\",\"url\":\"https:\/\/start.conform.it\/wp-content\/uploads\/2023\/11\/training-programme-start.webp\",\"contentUrl\":\"https:\/\/start.conform.it\/wp-content\/uploads\/2023\/11\/training-programme-start.webp\",\"width\":1920,\"height\":400,\"caption\":\"training-programme-start\"},{\"@type\":\"BreadcrumbList\",\"@id\":\"https:\/\/start.conform.it\/es\/training-programme\/#breadcrumb\",\"itemListElement\":[{\"@type\":\"ListItem\",\"position\":1,\"name\":\"Home\",\"item\":\"https:\/\/start.conform.it\/es\/\"},{\"@type\":\"ListItem\",\"position\":2,\"name\":\"PROGRAMA DE FORMACI\u00d3N\"}]},{\"@type\":\"WebSite\",\"@id\":\"https:\/\/start.conform.it\/es\/#website\",\"url\":\"https:\/\/start.conform.it\/es\/\",\"name\":\"START\",\"description\":\"SUSTAINABLE AND TECHNOLOGICAL APPROACH TO RETHINK TOURISM\",\"potentialAction\":[{\"@type\":\"SearchAction\",\"target\":{\"@type\":\"EntryPoint\",\"urlTemplate\":\"https:\/\/start.conform.it\/es\/?s={search_term_string}\"},\"query-input\":{\"@type\":\"PropertyValueSpecification\",\"valueRequired\":true,\"valueName\":\"search_term_string\"}}],\"inLanguage\":\"es\"}]}<\/script>\n<!-- \/ Yoast SEO plugin. -->","yoast_head_json":{"title":"PROGRAMA DE FORMACI\u00d3N -START","description":"El Programa de Formaci\u00f3n START crea una fuerte marea que impulsa a los trabajadores de las PYME a sumergirse en las corrientes de la...","robots":{"index":"index","follow":"follow","max-snippet":"max-snippet:-1","max-image-preview":"max-image-preview:large","max-video-preview":"max-video-preview:-1"},"canonical":"https:\/\/start.conform.it\/es\/training-programme\/","og_locale":"es_ES","og_type":"article","og_title":"PROGRAMA DE FORMACI\u00d3N -START","og_description":"El Programa de Formaci\u00f3n START crea una fuerte marea que impulsa a los trabajadores de las PYME a sumergirse en las corrientes de la...","og_url":"https:\/\/start.conform.it\/es\/training-programme\/","og_site_name":"START","article_modified_time":"2025-02-06T17:27:01+00:00","og_image":[{"width":1920,"height":400,"url":"https:\/\/start.conform.it\/wp-content\/uploads\/2023\/11\/training-programme-start.webp","type":"image\/webp"}],"twitter_card":"summary_large_image","twitter_misc":{"Tiempo de lectura":"3 minutos"},"schema":{"@context":"https:\/\/schema.org","@graph":[{"@type":"WebPage","@id":"https:\/\/start.conform.it\/es\/training-programme\/","url":"https:\/\/start.conform.it\/es\/training-programme\/","name":"PROGRAMA DE FORMACI\u00d3N -START","isPartOf":{"@id":"https:\/\/start.conform.it\/es\/#website"},"primaryImageOfPage":{"@id":"https:\/\/start.conform.it\/es\/training-programme\/#primaryimage"},"image":{"@id":"https:\/\/start.conform.it\/es\/training-programme\/#primaryimage"},"thumbnailUrl":"https:\/\/start.conform.it\/wp-content\/uploads\/2023\/11\/training-programme-start.webp","datePublished":"2023-11-29T09:27:09+00:00","dateModified":"2025-02-06T17:27:01+00:00","description":"El Programa de Formaci\u00f3n START crea una fuerte marea que impulsa a los trabajadores de las PYME a sumergirse en las corrientes de la...","breadcrumb":{"@id":"https:\/\/start.conform.it\/es\/training-programme\/#breadcrumb"},"inLanguage":"es","potentialAction":[{"@type":"ReadAction","target":["https:\/\/start.conform.it\/es\/training-programme\/"]}]},{"@type":"ImageObject","inLanguage":"es","@id":"https:\/\/start.conform.it\/es\/training-programme\/#primaryimage","url":"https:\/\/start.conform.it\/wp-content\/uploads\/2023\/11\/training-programme-start.webp","contentUrl":"https:\/\/start.conform.it\/wp-content\/uploads\/2023\/11\/training-programme-start.webp","width":1920,"height":400,"caption":"training-programme-start"},{"@type":"BreadcrumbList","@id":"https:\/\/start.conform.it\/es\/training-programme\/#breadcrumb","itemListElement":[{"@type":"ListItem","position":1,"name":"Home","item":"https:\/\/start.conform.it\/es\/"},{"@type":"ListItem","position":2,"name":"PROGRAMA DE FORMACI\u00d3N"}]},{"@type":"WebSite","@id":"https:\/\/start.conform.it\/es\/#website","url":"https:\/\/start.conform.it\/es\/","name":"START","description":"SUSTAINABLE AND TECHNOLOGICAL APPROACH TO RETHINK TOURISM","potentialAction":[{"@type":"SearchAction","target":{"@type":"EntryPoint","urlTemplate":"https:\/\/start.conform.it\/es\/?s={search_term_string}"},"query-input":{"@type":"PropertyValueSpecification","valueRequired":true,"valueName":"search_term_string"}}],"inLanguage":"es"}]}},"_links":{"self":[{"href":"https:\/\/start.conform.it\/es\/wp-json\/wp\/v2\/pages\/17672","targetHints":{"allow":["GET"]}}],"collection":[{"href":"https:\/\/start.conform.it\/es\/wp-json\/wp\/v2\/pages"}],"about":[{"href":"https:\/\/start.conform.it\/es\/wp-json\/wp\/v2\/types\/page"}],"author":[{"embeddable":true,"href":"https:\/\/start.conform.it\/es\/wp-json\/wp\/v2\/users\/1"}],"replies":[{"embeddable":true,"href":"https:\/\/start.conform.it\/es\/wp-json\/wp\/v2\/comments?post=17672"}],"version-history":[{"count":4,"href":"https:\/\/start.conform.it\/es\/wp-json\/wp\/v2\/pages\/17672\/revisions"}],"predecessor-version":[{"id":18686,"href":"https:\/\/start.conform.it\/es\/wp-json\/wp\/v2\/pages\/17672\/revisions\/18686"}],"wp:featuredmedia":[{"embeddable":true,"href":"https:\/\/start.conform.it\/es\/wp-json\/wp\/v2\/media\/17547"}],"wp:attachment":[{"href":"https:\/\/start.conform.it\/es\/wp-json\/wp\/v2\/media?parent=17672"}],"curies":[{"name":"wp","href":"https:\/\/api.w.org\/{rel}","templated":true}]}}